{"id":5928,"date":"2023-11-10T10:15:35","date_gmt":"2023-11-10T09:15:35","guid":{"rendered":"https:\/\/mbitdesign.com\/nekretnine\/?post_type=product&#038;p=5928"},"modified":"2023-11-10T10:15:37","modified_gmt":"2023-11-10T09:15:37","slug":"novi-beograd-dr-ivana-ribara","status":"publish","type":"product","link":"https:\/\/mbitdesign.com\/nekretnine\/product\/novi-beograd-dr-ivana-ribara\/","title":{"rendered":"Novi Beograd &#8211; Dr Ivana Ribara"},"content":{"rendered":"<p>Odli\u010dno pozicioniran, u najlep\u0161em delu Bloka 72, u neposrednoj blizini Keja i parkovskih povr\u0161ina, izdvojen od gradske buke. Stan je renoviran i ostaju svi ugradni elementi.<\/p>\n<p>Agencijska provizija 2%.<\/p>\n<p>Za vi\u0161e informacija agent: Ljiljana 064 12 34 330<\/p>\n","protected":false},"excerpt":{"rendered":"<p>Novi Beograd &#8211; Dr Ivana Ribara<\/p>\n<p>3.5, uknji\u017een na 85m2 (terasa), 4\/6, CG, lift, telefon, interfon, podrum, parking<\/p>\n","protected":false},"featured_media":5929,"comment_status":"open","ping_status":"closed","template":"","meta":{"site-sidebar-layout":"default","site-content-layout":"default","ast-site-content-layout":"","site-content-style":"default","site-sidebar-style":"default","ast-global-header-display":"","ast-banner-title-visibility":"","ast-main-header-display":"","ast-hfb-above-header-display":"","ast-hfb-below-header-display":"","ast-hfb-mobile-header-display":"","site-post-title":"","ast-breadcrumbs-content":"","ast-featured-img":"","footer-sml-layout":"","theme-transparent-header-meta":"default","adv-header-id-meta":"","stick-header-meta":"default","header-above-stick-meta":"","header-main-stick-meta":"","header-below-stick-meta":"","astra-migrate-meta-layouts":"","ast-page-background-enabled":"default","ast-page-background-meta":{"desktop":{"background-color":"var(--ast-global-color-4)","background-image":"","background-repeat":"repeat","background-position":"center center","background-size":"auto","background-attachment":"scroll","background-type":"","background-media":"","overlay-type":"","overlay-color":"","overlay-gradient":""},"tablet":{"background-color":"","background-image":"","background-repeat":"repeat","background-position":"center center","background-size":"auto","background-attachment":"scroll","background-type":"","background-media":"","overlay-type":"","overlay-color":"","overlay-gradient":""},"mobile":{"background-color":"","background-image":"","background-repeat":"repeat","background-position":"center center","background-size":"auto","background-attachment":"scroll","background-type":"","background-media":"","overlay-type":"","overlay-color":"","overlay-gradient":""}},"ast-content-background-meta":{"desktop":{"background-color":"var(--ast-global-color-5)","background-image":"","background-repeat":"repeat","background-position":"center center","background-size":"auto","background-attachment":"scroll","background-type":"","background-media":"","overlay-type":"","overlay-color":"","overlay-gradient":""},"tablet":{"background-color":"var(--ast-global-color-5)","background-image":"","background-repeat":"repeat","background-position":"center center","background-size":"auto","background-attachment":"scroll","background-type":"","background-media":"","overlay-type":"","overlay-color":"","overlay-gradient":""},"mobile":{"background-color":"var(--ast-global-color-5)","background-image":"","background-repeat":"repeat","background-position":"center center","background-size":"auto","background-attachment":"scroll","background-type":"","background-media":"","overlay-type":"","overlay-color":"","overlay-gradient":""}}},"product_brand":[],"product_cat":[41,42],"product_tag":[],"class_list":{"0":"post-5928","1":"product","2":"type-product","3":"status-publish","4":"has-post-thumbnail","6":"product_cat-prodaja","7":"product_cat-stanovi","8":"pa_broj-soba-prodaja-31","9":"pa_grad-prodaja-beograd","10":"pa_kvadratura-prodaja-80-90","11":"pa_lokacija-prodaja-blok-72","12":"pa_opstina-prodaja-novi-beograd","13":"pa_sprat-prodaja-28","14":"pa_spratnost-246","15":"pa_tip-nekretnine-prodaja-stan","16":"pa_uknjizenost-da","17":"pa_ulica-prodaja-dr-ivana-ribara","18":"desktop-align-left","19":"tablet-align-left","20":"mobile-align-left","22":"first","23":"instock","24":"shipping-taxable","25":"purchasable","26":"product-type-simple"},"_links":{"self":[{"href":"https:\/\/mbitdesign.com\/nekretnine\/wp-json\/wp\/v2\/product\/5928","targetHints":{"allow":["GET"]}}],"collection":[{"href":"https:\/\/mbitdesign.com\/nekretnine\/wp-json\/wp\/v2\/product"}],"about":[{"href":"https:\/\/mbitdesign.com\/nekretnine\/wp-json\/wp\/v2\/types\/product"}],"replies":[{"embeddable":true,"href":"https:\/\/mbitdesign.com\/nekretnine\/wp-json\/wp\/v2\/comments?post=5928"}],"wp:featuredmedia":[{"embeddable":true,"href":"https:\/\/mbitdesign.com\/nekretnine\/wp-json\/wp\/v2\/media\/5929"}],"wp:attachment":[{"href":"https:\/\/mbitdesign.com\/nekretnine\/wp-json\/wp\/v2\/media?parent=5928"}],"wp:term":[{"taxonomy":"product_brand","embeddable":true,"href":"https:\/\/mbitdesign.com\/nekretnine\/wp-json\/wp\/v2\/product_brand?post=5928"},{"taxonomy":"product_cat","embeddable":true,"href":"https:\/\/mbitdesign.com\/nekretnine\/wp-json\/wp\/v2\/product_cat?post=5928"},{"taxonomy":"product_tag","embeddable":true,"href":"https:\/\/mbitdesign.com\/nekretnine\/wp-json\/wp\/v2\/product_tag?post=5928"}],"curies":[{"name":"wp","href":"https:\/\/api.w.org\/{rel}","templated":true}]}}