{"id":5903,"date":"2023-11-09T15:44:14","date_gmt":"2023-11-09T14:44:14","guid":{"rendered":"https:\/\/mbitdesign.com\/nekretnine\/?post_type=product&#038;p=5903"},"modified":"2023-11-09T15:44:15","modified_gmt":"2023-11-09T14:44:15","slug":"vozdovac-lekino-brdo-djoke-krstica","status":"publish","type":"product","link":"https:\/\/mbitdesign.com\/nekretnine\/product\/vozdovac-lekino-brdo-djoke-krstica\/","title":{"rendered":"Vo\u017edovac, Lekino brdo &#8211; \u0110oke Krsti\u0107a"},"content":{"rendered":"<p>Ova u\u0161u\u0161kana ku\u0107a, na odli\u010dnoj lokaciji u \u0160umicama, ukupne je kvadrature 100m2 od kojih je prvi nivo od 50m2 kompletno renoviran i sastoji se od: dnevnog boravka, kuhinje i kupatila, drugi nivo je u sivoj fazi: dve sobe, kupatilo, terasa na koju se izlazi iz obe sobe, komplet je ura\u0111ena struja, izvedene su cevi za grejanje, vodu, predvi\u0111eno je podno grejanje, ura\u0111eni su krov i oluci. Sprat bez kosina, sa visinom preko 3m.<\/p>\n<p>Agencijska provizija 2%.<\/p>\n<p>Za vi\u0161e informacija agent: Zoi 060 33 37 558<\/p>\n","protected":false},"excerpt":{"rendered":"<p>Vo\u017edovac, Lekino brdo &#8211; \u0110oke Krsti\u0107a<\/p>\n<p>ku\u0107a, 3.0, uknji\u017eena na 40m2, ukupna kvadratura 100m2, EG, PR+I, telefon, struja, voda, kanalizacija, asfalt, plac 3,31 ara<\/p>\n","protected":false},"featured_media":5904,"comment_status":"open","ping_status":"closed","template":"","meta":{"site-sidebar-layout":"default","site-content-layout":"default","ast-site-content-layout":"","site-content-style":"default","site-sidebar-style":"default","ast-global-header-display":"","ast-banner-title-visibility":"","ast-main-header-display":"","ast-hfb-above-header-display":"","ast-hfb-below-header-display":"","ast-hfb-mobile-header-display":"","site-post-title":"","ast-breadcrumbs-content":"","ast-featured-img":"","footer-sml-layout":"","theme-transparent-header-meta":"default","adv-header-id-meta":"","stick-header-meta":"default","header-above-stick-meta":"","header-main-stick-meta":"","header-below-stick-meta":"","astra-migrate-meta-layouts":"","ast-page-background-enabled":"default","ast-page-background-meta":{"desktop":{"background-color":"var(--ast-global-color-4)","background-image":"","background-repeat":"repeat","background-position":"center center","background-size":"auto","background-attachment":"scroll","background-type":"","background-media":"","overlay-type":"","overlay-color":"","overlay-gradient":""},"tablet":{"background-color":"","background-image":"","background-repeat":"repeat","background-position":"center center","background-size":"auto","background-attachment":"scroll","background-type":"","background-media":"","overlay-type":"","overlay-color":"","overlay-gradient":""},"mobile":{"background-color":"","background-image":"","background-repeat":"repeat","background-position":"center center","background-size":"auto","background-attachment":"scroll","background-type":"","background-media":"","overlay-type":"","overlay-color":"","overlay-gradient":""}},"ast-content-background-meta":{"desktop":{"background-color":"var(--ast-global-color-5)","background-image":"","background-repeat":"repeat","background-position":"center center","background-size":"auto","background-attachment":"scroll","background-type":"","background-media":"","overlay-type":"","overlay-color":"","overlay-gradient":""},"tablet":{"background-color":"var(--ast-global-color-5)","background-image":"","background-repeat":"repeat","background-position":"center center","background-size":"auto","background-attachment":"scroll","background-type":"","background-media":"","overlay-type":"","overlay-color":"","overlay-gradient":""},"mobile":{"background-color":"var(--ast-global-color-5)","background-image":"","background-repeat":"repeat","background-position":"center center","background-size":"auto","background-attachment":"scroll","background-type":"","background-media":"","overlay-type":"","overlay-color":"","overlay-gradient":""}}},"product_brand":[],"product_cat":[44,41],"product_tag":[],"class_list":{"0":"post-5903","1":"product","2":"type-product","3":"status-publish","4":"has-post-thumbnail","6":"product_cat-kuce-prodaja","7":"product_cat-prodaja","8":"pa_broj-soba-prodaja-29","9":"pa_grad-prodaja-beograd","10":"pa_kvadratura-prodaja-100-120m2","11":"pa_lokacija-prodaja-lekino-brdo","12":"pa_opstina-prodaja-vozdovac","13":"pa_sprat-prodaja-pr","14":"pa_spratnost-93","15":"pa_tip-nekretnine-prodaja-kuca","16":"pa_uknjizenost-da","17":"pa_ulica-prodaja-djoke-krstica","18":"desktop-align-left","19":"tablet-align-left","20":"mobile-align-left","22":"first","23":"instock","24":"shipping-taxable","25":"purchasable","26":"product-type-simple"},"_links":{"self":[{"href":"https:\/\/mbitdesign.com\/nekretnine\/wp-json\/wp\/v2\/product\/5903","targetHints":{"allow":["GET"]}}],"collection":[{"href":"https:\/\/mbitdesign.com\/nekretnine\/wp-json\/wp\/v2\/product"}],"about":[{"href":"https:\/\/mbitdesign.com\/nekretnine\/wp-json\/wp\/v2\/types\/product"}],"replies":[{"embeddable":true,"href":"https:\/\/mbitdesign.com\/nekretnine\/wp-json\/wp\/v2\/comments?post=5903"}],"wp:featuredmedia":[{"embeddable":true,"href":"https:\/\/mbitdesign.com\/nekretnine\/wp-json\/wp\/v2\/media\/5904"}],"wp:attachment":[{"href":"https:\/\/mbitdesign.com\/nekretnine\/wp-json\/wp\/v2\/media?parent=5903"}],"wp:term":[{"taxonomy":"product_brand","embeddable":true,"href":"https:\/\/mbitdesign.com\/nekretnine\/wp-json\/wp\/v2\/product_brand?post=5903"},{"taxonomy":"product_cat","embeddable":true,"href":"https:\/\/mbitdesign.com\/nekretnine\/wp-json\/wp\/v2\/product_cat?post=5903"},{"taxonomy":"product_tag","embeddable":true,"href":"https:\/\/mbitdesign.com\/nekretnine\/wp-json\/wp\/v2\/product_tag?post=5903"}],"curies":[{"name":"wp","href":"https:\/\/api.w.org\/{rel}","templated":true}]}}