{"id":5786,"date":"2023-11-06T14:44:10","date_gmt":"2023-11-06T13:44:10","guid":{"rendered":"https:\/\/mbitdesign.com\/nekretnine\/?post_type=product&#038;p=5786"},"modified":"2023-11-06T14:44:10","modified_gmt":"2023-11-06T13:44:10","slug":"vracar-kalenic-milesevska","status":"publish","type":"product","link":"https:\/\/mbitdesign.com\/nekretnine\/product\/vracar-kalenic-milesevska\/","title":{"rendered":"Vra\u010dar, Kaleni\u0107 &#8211; Mile\u0161evska"},"content":{"rendered":"<p>Stan je po strukturi troiposoban, a raspored je optimalno iskori\u0161\u0107en &#8211; dnevni boravak sa trpezarijom, kuhinja, dve spava\u0107e sobe, toalet i jo\u0161 jedna dodatna poluotvorena prostorija koja mo\u017ee da se koristi i kao dodatna spava\u0107a soba.<\/p>\n<p>Na jednoj od najboljih lokacija na Vra\u010daru, u Mile\u0161evskoj ulici, nalazi se ovaj izuzetan stan sa prelepim otvorenim pogledom. U veoma kvalitetnoj zgradi od crvene fasadne cigle, gra\u0111enoj 1980-te godine, koja nije soliter i sastoji se od samo 11 stanova.<\/p>\n<p>Uknji\u017een na 83m2 od kojih 68.98m2 su zatvorena korisna povr\u0161ina i 13.81m2 prostrana terasa koja se prostire du\u017e celog stana, sa puno mogu\u0107nosti za ure\u0111ivanje. Iznad stana je plo\u010da koja je kompletno ra\u0111ena pre dve godine. Postoji mogu\u0107nost nadogradnje ili drugog vida adaptacije krovne povr\u0161ine (oko 60 m2), jedini stan na spratu. <\/p>\n<p>Iza zgrade postoji parking za stanare. Lokacija je odli\u010dno povezana sa ostalim delovima grada putem linija gradskog prevoza, blizina \u0161kole, vrti\u0107a, fakulteta, doma zdravlja, sportsko-rekreativnih sadr\u017eaja, Kaleni\u0107 i \u0110eram pijace, bulevara kralja Aleksandra.<\/p>\n<p>Agencijska provizija 2%. <\/p>\n<p>Za vi\u0161e informacija agent: Zdravko 064 87 80 985<\/p>\n","protected":false},"excerpt":{"rendered":"<p>Vra\u010dar, Kaleni\u0107 &#8211; Mile\u0161evska<\/p>\n<p>3.5, uknji\u017een na 83m2 (terasa), 5\/5, CG, lift, telefon, klima, KATV, internet, interfon, podrum, parking<\/p>\n","protected":false},"featured_media":5787,"comment_status":"open","ping_status":"closed","template":"","meta":{"site-sidebar-layout":"default","site-content-layout":"default","ast-site-content-layout":"","site-content-style":"default","site-sidebar-style":"default","ast-global-header-display":"","ast-banner-title-visibility":"","ast-main-header-display":"","ast-hfb-above-header-display":"","ast-hfb-below-header-display":"","ast-hfb-mobile-header-display":"","site-post-title":"","ast-breadcrumbs-content":"","ast-featured-img":"","footer-sml-layout":"","theme-transparent-header-meta":"default","adv-header-id-meta":"","stick-header-meta":"default","header-above-stick-meta":"","header-main-stick-meta":"","header-below-stick-meta":"","astra-migrate-meta-layouts":"","ast-page-background-enabled":"default","ast-page-background-meta":{"desktop":{"background-color":"var(--ast-global-color-4)","background-image":"","background-repeat":"repeat","background-position":"center center","background-size":"auto","background-attachment":"scroll","background-type":"","background-media":"","overlay-type":"","overlay-color":"","overlay-gradient":""},"tablet":{"background-color":"","background-image":"","background-repeat":"repeat","background-position":"center center","background-size":"auto","background-attachment":"scroll","background-type":"","background-media":"","overlay-type":"","overlay-color":"","overlay-gradient":""},"mobile":{"background-color":"","background-image":"","background-repeat":"repeat","background-position":"center center","background-size":"auto","background-attachment":"scroll","background-type":"","background-media":"","overlay-type":"","overlay-color":"","overlay-gradient":""}},"ast-content-background-meta":{"desktop":{"background-color":"var(--ast-global-color-5)","background-image":"","background-repeat":"repeat","background-position":"center center","background-size":"auto","background-attachment":"scroll","background-type":"","background-media":"","overlay-type":"","overlay-color":"","overlay-gradient":""},"tablet":{"background-color":"var(--ast-global-color-5)","background-image":"","background-repeat":"repeat","background-position":"center center","background-size":"auto","background-attachment":"scroll","background-type":"","background-media":"","overlay-type":"","overlay-color":"","overlay-gradient":""},"mobile":{"background-color":"var(--ast-global-color-5)","background-image":"","background-repeat":"repeat","background-position":"center center","background-size":"auto","background-attachment":"scroll","background-type":"","background-media":"","overlay-type":"","overlay-color":"","overlay-gradient":""}}},"product_brand":[],"product_cat":[41,42],"product_tag":[],"class_list":{"0":"post-5786","1":"product","2":"type-product","3":"status-publish","4":"has-post-thumbnail","6":"product_cat-prodaja","7":"product_cat-stanovi","8":"pa_broj-soba-prodaja-31","9":"pa_grad-prodaja-beograd","10":"pa_kvadratura-prodaja-80-90","11":"pa_lokacija-prodaja-kalenic-pijaca","12":"pa_opstina-prodaja-vracar","13":"pa_sprat-prodaja-34","14":"pa_spratnost-97","15":"pa_tip-nekretnine-prodaja-stan","16":"pa_uknjizenost-da","17":"pa_ulica-prodaja-milesevska","18":"desktop-align-left","19":"tablet-align-left","20":"mobile-align-left","22":"first","23":"instock","24":"shipping-taxable","25":"purchasable","26":"product-type-simple"},"_links":{"self":[{"href":"https:\/\/mbitdesign.com\/nekretnine\/wp-json\/wp\/v2\/product\/5786","targetHints":{"allow":["GET"]}}],"collection":[{"href":"https:\/\/mbitdesign.com\/nekretnine\/wp-json\/wp\/v2\/product"}],"about":[{"href":"https:\/\/mbitdesign.com\/nekretnine\/wp-json\/wp\/v2\/types\/product"}],"replies":[{"embeddable":true,"href":"https:\/\/mbitdesign.com\/nekretnine\/wp-json\/wp\/v2\/comments?post=5786"}],"wp:featuredmedia":[{"embeddable":true,"href":"https:\/\/mbitdesign.com\/nekretnine\/wp-json\/wp\/v2\/media\/5787"}],"wp:attachment":[{"href":"https:\/\/mbitdesign.com\/nekretnine\/wp-json\/wp\/v2\/media?parent=5786"}],"wp:term":[{"taxonomy":"product_brand","embeddable":true,"href":"https:\/\/mbitdesign.com\/nekretnine\/wp-json\/wp\/v2\/product_brand?post=5786"},{"taxonomy":"product_cat","embeddable":true,"href":"https:\/\/mbitdesign.com\/nekretnine\/wp-json\/wp\/v2\/product_cat?post=5786"},{"taxonomy":"product_tag","embeddable":true,"href":"https:\/\/mbitdesign.com\/nekretnine\/wp-json\/wp\/v2\/product_tag?post=5786"}],"curies":[{"name":"wp","href":"https:\/\/api.w.org\/{rel}","templated":true}]}}