{"id":5716,"date":"2023-11-03T14:04:54","date_gmt":"2023-11-03T13:04:54","guid":{"rendered":"https:\/\/mbitdesign.com\/nekretnine\/?post_type=product&#038;p=5716"},"modified":"2023-11-03T14:04:54","modified_gmt":"2023-11-03T13:04:54","slug":"medakovic-ii-dobra-lokacija-uknjizen","status":"publish","type":"product","link":"https:\/\/mbitdesign.com\/nekretnine\/product\/medakovic-ii-dobra-lokacija-uknjizen\/","title":{"rendered":"Medakovi\u0107 II &#8211; Dobra lokacija &#8211; Uknji\u017een"},"content":{"rendered":"<p>PROSTORIJE: hodnik, trpezarija sa kuhinjom, veliki dnevni boravak sa izlazom na terasu, dve spava\u0107e sobe, iz jedne se izlazi na lo\u0111u i kupatilo. <\/p>\n<p>Odli\u010dan, komforan, izuzetno funkcionalan trosobni stan, ju\u017ene orijentacije, okrenut ka dvori\u0161tu. Kvalitetna zgrada sa dva lifta, odr\u017eavana i \u010dista, sa svih strana okru\u017eena zelenilom. Ispred se nalazi veliki parking, gde uvek mo\u017eete parkirati svoje vozilo.<\/p>\n<p>Stan ima pripadaju\u0107i podrum. Na svakom spratu se nalazi zajedni\u010dka ostava. Zamenjena kompletna elektro i vodovodna instalacija 2008.godine.<\/p>\n<p>Gra\u0111evinska povr\u0161ina stana (sa terasom i lo\u0111om) iznosi 72m2, korisna povr\u0161ina je 64m2. Zgrada uknji\u017eena, predato na preknji\u017ebu na vlasnika, o\u010dekuje se zavr\u0161etak u najkra\u0107em roku.<\/p>\n<p>Odli\u010dna lokacija, blizina TC Stadion, vrti\u0107a, \u0161kola, marketa, stajali\u0161ta gradskog prevoza&#8230;<\/p>\n<p>Vredi pogledati, stan za preporuku!<\/p>\n<p>Agencijska provizija 2%.<\/p>\n<p>Za vi\u0161e informacija agent: Marina 060 60 55 151<\/p>\n","protected":false},"excerpt":{"rendered":"<p>Vo\u017edovac &#8211; Medakovi\u0107 II <\/p>\n<p>3.0, uknji\u017een na 64m2, mereno 72m2 (terasa i lo\u0111a), 1\/7, CG, 2 lifta, telefon, KATV, klima, podrum, parking, video nadzor, ostava<\/p>\n","protected":false},"featured_media":5717,"comment_status":"open","ping_status":"closed","template":"","meta":{"site-sidebar-layout":"default","site-content-layout":"default","ast-site-content-layout":"","site-content-style":"default","site-sidebar-style":"default","ast-global-header-display":"","ast-banner-title-visibility":"","ast-main-header-display":"","ast-hfb-above-header-display":"","ast-hfb-below-header-display":"","ast-hfb-mobile-header-display":"","site-post-title":"","ast-breadcrumbs-content":"","ast-featured-img":"","footer-sml-layout":"","theme-transparent-header-meta":"default","adv-header-id-meta":"","stick-header-meta":"default","header-above-stick-meta":"","header-main-stick-meta":"","header-below-stick-meta":"","astra-migrate-meta-layouts":"","ast-page-background-enabled":"default","ast-page-background-meta":{"desktop":{"background-color":"var(--ast-global-color-4)","background-image":"","background-repeat":"repeat","background-position":"center center","background-size":"auto","background-attachment":"scroll","background-type":"","background-media":"","overlay-type":"","overlay-color":"","overlay-gradient":""},"tablet":{"background-color":"","background-image":"","background-repeat":"repeat","background-position":"center center","background-size":"auto","background-attachment":"scroll","background-type":"","background-media":"","overlay-type":"","overlay-color":"","overlay-gradient":""},"mobile":{"background-color":"","background-image":"","background-repeat":"repeat","background-position":"center center","background-size":"auto","background-attachment":"scroll","background-type":"","background-media":"","overlay-type":"","overlay-color":"","overlay-gradient":""}},"ast-content-background-meta":{"desktop":{"background-color":"var(--ast-global-color-5)","background-image":"","background-repeat":"repeat","background-position":"center center","background-size":"auto","background-attachment":"scroll","background-type":"","background-media":"","overlay-type":"","overlay-color":"","overlay-gradient":""},"tablet":{"background-color":"var(--ast-global-color-5)","background-image":"","background-repeat":"repeat","background-position":"center center","background-size":"auto","background-attachment":"scroll","background-type":"","background-media":"","overlay-type":"","overlay-color":"","overlay-gradient":""},"mobile":{"background-color":"var(--ast-global-color-5)","background-image":"","background-repeat":"repeat","background-position":"center center","background-size":"auto","background-attachment":"scroll","background-type":"","background-media":"","overlay-type":"","overlay-color":"","overlay-gradient":""}}},"product_brand":[],"product_cat":[41,42],"product_tag":[],"class_list":{"0":"post-5716","1":"product","2":"type-product","3":"status-publish","4":"has-post-thumbnail","6":"product_cat-prodaja","7":"product_cat-stanovi","8":"pa_broj-soba-prodaja-29","9":"pa_grad-prodaja-beograd","10":"pa_kvadratura-prodaja-70-80","11":"pa_lokacija-prodaja-medakovic-ii","12":"pa_opstina-prodaja-vozdovac","13":"pa_sprat-prodaja-25","14":"pa_spratnost-284","15":"pa_tip-nekretnine-prodaja-stan","16":"pa_uknjizenost-da","17":"desktop-align-left","18":"tablet-align-left","19":"mobile-align-left","21":"first","22":"instock","23":"shipping-taxable","24":"purchasable","25":"product-type-simple"},"_links":{"self":[{"href":"https:\/\/mbitdesign.com\/nekretnine\/wp-json\/wp\/v2\/product\/5716","targetHints":{"allow":["GET"]}}],"collection":[{"href":"https:\/\/mbitdesign.com\/nekretnine\/wp-json\/wp\/v2\/product"}],"about":[{"href":"https:\/\/mbitdesign.com\/nekretnine\/wp-json\/wp\/v2\/types\/product"}],"replies":[{"embeddable":true,"href":"https:\/\/mbitdesign.com\/nekretnine\/wp-json\/wp\/v2\/comments?post=5716"}],"wp:featuredmedia":[{"embeddable":true,"href":"https:\/\/mbitdesign.com\/nekretnine\/wp-json\/wp\/v2\/media\/5717"}],"wp:attachment":[{"href":"https:\/\/mbitdesign.com\/nekretnine\/wp-json\/wp\/v2\/media?parent=5716"}],"wp:term":[{"taxonomy":"product_brand","embeddable":true,"href":"https:\/\/mbitdesign.com\/nekretnine\/wp-json\/wp\/v2\/product_brand?post=5716"},{"taxonomy":"product_cat","embeddable":true,"href":"https:\/\/mbitdesign.com\/nekretnine\/wp-json\/wp\/v2\/product_cat?post=5716"},{"taxonomy":"product_tag","embeddable":true,"href":"https:\/\/mbitdesign.com\/nekretnine\/wp-json\/wp\/v2\/product_tag?post=5716"}],"curies":[{"name":"wp","href":"https:\/\/api.w.org\/{rel}","templated":true}]}}