{"id":5666,"date":"2023-11-01T09:39:20","date_gmt":"2023-11-01T08:39:20","guid":{"rendered":"https:\/\/mbitdesign.com\/nekretnine\/?post_type=product&#038;p=5666"},"modified":"2023-11-08T11:55:37","modified_gmt":"2023-11-08T10:55:37","slug":"namesten-garaza-ostava-lux","status":"publish","type":"product","link":"https:\/\/mbitdesign.com\/nekretnine\/product\/namesten-garaza-ostava-lux\/","title":{"rendered":"Name\u0161ten &#8211; Gara\u017ea &#8211; Ostava &#8211; Lux"},"content":{"rendered":"<p>PROSTORIJE: hodnik, prostrani dnevno &#8211; trpezarijski deo sa kuhinjom, dve lepe spava\u0107e sobe, toalet, terasa. <\/p>\n<p>Prelep svetao stan na odli\u010dnoj lokaciji. Ju\u017ene je orijentacije. Sve prostorije imaju prirodnu ventilaciju. Plafoni su visoki, \u0161to celom stanu daje dodatan ose\u0107aj komfora i prostora.<br \/>\nStan je izuzetno lepo name\u0161ten, vodilo se ra\u010duna o svakom detalju. Poseduje opremljenu kuhinju ra\u0111enu po meri, sa svim potrebnim elektri\u010dnim aparatima marke Bosch, kvalitetnim \u0161ankom&#8230; Ima dve odli\u010dne spava\u0107e sobe, prostrano i komplet opremljeno kupatilo i lepu terasu.<\/p>\n<p>Zgrada je kvalitetna, izgra\u0111ena 2011.godine, odr\u017eavana i \u010dista. Zastupljena je kompletna infrastruktura, blizina svih potrebnih sadr\u017eaja za udoban \u017eivot. Blizina Beo Shopping centra, doma zdravlja, apoteka, banaka, marketa, menja\u010dnica, autobuskih stajali\u0161ta&#8230;<\/p>\n<p>Stan se prodaje kompletno name\u0161ten, Nisu potrebna nikava ulaganja.<br \/>\nVlasnik poseduje uknji\u017eeno parking mesto u zgradi, kao i prostranu ostavu, koju koristi samo ovaj stan.<br \/>\nSve navedeno ulazi u ogla\u0161enu cenu.<\/p>\n<p>Uknji\u017eeno vlasni\u0161tvo, 1\/1. Stan za svaku preporuku!<\/p>\n<p>Agencijska provizija 2%.<\/p>\n<p>Za vi\u0161e informacija agent: Marina 060 60 55 151<\/p>\n","protected":false},"excerpt":{"rendered":"<p>Zvezdara, U\u010diteljsko Naselje &#8211; Svetog Klimenta<\/p>\n<p>2.5, uknji\u017een na 53m2 (terasa), 3\/3, CG, klima, internet, KATV, interfon, podrum, gara\u017ea, ostava<\/p>\n","protected":false},"featured_media":5667,"comment_status":"open","ping_status":"closed","template":"","meta":{"site-sidebar-layout":"default","site-content-layout":"default","ast-site-content-layout":"","site-content-style":"default","site-sidebar-style":"default","ast-global-header-display":"","ast-banner-title-visibility":"","ast-main-header-display":"","ast-hfb-above-header-display":"","ast-hfb-below-header-display":"","ast-hfb-mobile-header-display":"","site-post-title":"","ast-breadcrumbs-content":"","ast-featured-img":"","footer-sml-layout":"","theme-transparent-header-meta":"default","adv-header-id-meta":"","stick-header-meta":"default","header-above-stick-meta":"","header-main-stick-meta":"","header-below-stick-meta":"","astra-migrate-meta-layouts":"","ast-page-background-enabled":"default","ast-page-background-meta":{"desktop":{"background-color":"var(--ast-global-color-4)","background-image":"","background-repeat":"repeat","background-position":"center center","background-size":"auto","background-attachment":"scroll","background-type":"","background-media":"","overlay-type":"","overlay-color":"","overlay-gradient":""},"tablet":{"background-color":"","background-image":"","background-repeat":"repeat","background-position":"center center","background-size":"auto","background-attachment":"scroll","background-type":"","background-media":"","overlay-type":"","overlay-color":"","overlay-gradient":""},"mobile":{"background-color":"","background-image":"","background-repeat":"repeat","background-position":"center center","background-size":"auto","background-attachment":"scroll","background-type":"","background-media":"","overlay-type":"","overlay-color":"","overlay-gradient":""}},"ast-content-background-meta":{"desktop":{"background-color":"var(--ast-global-color-5)","background-image":"","background-repeat":"repeat","background-position":"center center","background-size":"auto","background-attachment":"scroll","background-type":"","background-media":"","overlay-type":"","overlay-color":"","overlay-gradient":""},"tablet":{"background-color":"var(--ast-global-color-5)","background-image":"","background-repeat":"repeat","background-position":"center center","background-size":"auto","background-attachment":"scroll","background-type":"","background-media":"","overlay-type":"","overlay-color":"","overlay-gradient":""},"mobile":{"background-color":"var(--ast-global-color-5)","background-image":"","background-repeat":"repeat","background-position":"center center","background-size":"auto","background-attachment":"scroll","background-type":"","background-media":"","overlay-type":"","overlay-color":"","overlay-gradient":""}}},"product_brand":[],"product_cat":[41,240,42],"product_tag":[],"class_list":{"0":"post-5666","1":"product","2":"type-product","3":"status-publish","4":"has-post-thumbnail","6":"product_cat-prodaja","7":"product_cat-slajder","8":"product_cat-stanovi","9":"pa_broj-soba-prodaja-30","10":"pa_grad-prodaja-beograd","11":"pa_kvadratura-prodaja-50-60","12":"pa_lokacija-prodaja-uciteljsko-naselje","13":"pa_opstina-prodaja-zvezdara","14":"pa_sprat-prodaja-27","15":"pa_spratnost-95","16":"pa_tip-nekretnine-prodaja-stan","17":"pa_uknjizenost-da","18":"pa_ulica-prodaja-svetog-klimenta","19":"desktop-align-left","20":"tablet-align-left","21":"mobile-align-left","23":"first","24":"instock","25":"shipping-taxable","26":"purchasable","27":"product-type-simple"},"_links":{"self":[{"href":"https:\/\/mbitdesign.com\/nekretnine\/wp-json\/wp\/v2\/product\/5666","targetHints":{"allow":["GET"]}}],"collection":[{"href":"https:\/\/mbitdesign.com\/nekretnine\/wp-json\/wp\/v2\/product"}],"about":[{"href":"https:\/\/mbitdesign.com\/nekretnine\/wp-json\/wp\/v2\/types\/product"}],"replies":[{"embeddable":true,"href":"https:\/\/mbitdesign.com\/nekretnine\/wp-json\/wp\/v2\/comments?post=5666"}],"wp:featuredmedia":[{"embeddable":true,"href":"https:\/\/mbitdesign.com\/nekretnine\/wp-json\/wp\/v2\/media\/5667"}],"wp:attachment":[{"href":"https:\/\/mbitdesign.com\/nekretnine\/wp-json\/wp\/v2\/media?parent=5666"}],"wp:term":[{"taxonomy":"product_brand","embeddable":true,"href":"https:\/\/mbitdesign.com\/nekretnine\/wp-json\/wp\/v2\/product_brand?post=5666"},{"taxonomy":"product_cat","embeddable":true,"href":"https:\/\/mbitdesign.com\/nekretnine\/wp-json\/wp\/v2\/product_cat?post=5666"},{"taxonomy":"product_tag","embeddable":true,"href":"https:\/\/mbitdesign.com\/nekretnine\/wp-json\/wp\/v2\/product_tag?post=5666"}],"curies":[{"name":"wp","href":"https:\/\/api.w.org\/{rel}","templated":true}]}}