{"id":5534,"date":"2023-10-18T13:40:43","date_gmt":"2023-10-18T12:40:43","guid":{"rendered":"https:\/\/mbitdesign.com\/nekretnine\/?post_type=product&#038;p=5534"},"modified":"2023-10-18T13:40:44","modified_gmt":"2023-10-18T12:40:44","slug":"cukarica-sremcica-goricka","status":"publish","type":"product","link":"https:\/\/mbitdesign.com\/nekretnine\/product\/cukarica-sremcica-goricka\/","title":{"rendered":"\u010cukarica, Srem\u010dica &#8211; Gori\u010dka"},"content":{"rendered":"<p>Dvospratna ku\u0107a sa ure\u0111enim dvori\u0161tem, na tra\u017eenoj i dobroj lokaciji, u Srem\u010dici, u ulici sa infrastrukturom. U mirnom delu a dobro povezanom glavnom Beogradskom ulicom i gradskim prevozom. <\/p>\n<p>Ku\u0107a je izgra\u0111ena osamdesetih godina na osnovu gra\u0111evinske dozvole. Kvaliteno gra\u0111ena i useljiva. Nedovr\u0161ene fasade. Dvori\u0161te lepo odr\u017eavano i ozelenjeno. Staze betonirane, pristupno stepeni\u0161te dekorativno, zastakljeni ulazni antre. 2.5 ara dvori\u0161ta je sa prednje strane, ka ulici. Ku\u0107a je dvostrana i okrenuta istoku i jugo-istoku.<br \/>\nVelikog potencijala je zbog mogu\u0107nosti podele na najmanje vi\u0161e odvojenih stambenih jedinica. Tako\u0111e mo\u017ee biti i  kao poslovno \u2013 stambeni objekat zbog dobre mikro-lokacije i veze sa glavnom saobra\u0107ajnicom.<\/p>\n<p>Srem\u010dica je naselje 16 km do Beograda na vodi ili 25 minuta vo\u017enje. Odli\u010dno je povezano autobuskim linijama sa centrom grada.U samom naselju su dve \u0161kole, i Maxi centar za snabdevanje, dve pijace kao i izleti\u0161te Lipova\u010dka \u0161uma, i trim staza. Ulica je \u0161iroka, mirno i tiho okru\u017eenje privatnih stambenih ku\u0107a sa dvori\u0161tima, objekata niske spratnosti. Na prvom i drugom spratu su komforni dvosobni stanovi sa po tri terase. <\/p>\n<p>U niskom prizemlju, vezano uz gara\u017eu od 16 m2 nalaze se prostorije koje se koriste kao stan od 45 m2. Potkrovlje je sada u funkciji tavana. Eta\u017eno grejanje je za ceo objekat a postoje i odvojena grejna tela po eta\u017eama.<\/p>\n<p>Uknji\u017eeno na 73 m kao povr\u0161ina pod objektom, predato za Upotrebnu dozvolu po gra\u0111evinskoj dozvoli na 130,25 m2 + gara\u017ea 16m2. <\/p>\n<p>Agencijska provizija 2%.<\/p>\n<p>Za vi\u0161e informacija agent: Aleksandra  064 22 33 032<\/p>\n","protected":false},"excerpt":{"rendered":"<p>\u010cukarica, Srem\u010dica &#8211; Gori\u010dka<\/p>\n<p>ku\u0107a, 266m2 (terasa), PR+I+II+PK, EG, telefon, gara\u017ea (16m2), 2,5ari placa<\/p>\n","protected":false},"featured_media":5535,"comment_status":"open","ping_status":"closed","template":"","meta":{"site-sidebar-layout":"default","site-content-layout":"default","ast-site-content-layout":"","site-content-style":"default","site-sidebar-style":"default","ast-global-header-display":"","ast-banner-title-visibility":"","ast-main-header-display":"","ast-hfb-above-header-display":"","ast-hfb-below-header-display":"","ast-hfb-mobile-header-display":"","site-post-title":"","ast-breadcrumbs-content":"","ast-featured-img":"","footer-sml-layout":"","theme-transparent-header-meta":"default","adv-header-id-meta":"","stick-header-meta":"default","header-above-stick-meta":"","header-main-stick-meta":"","header-below-stick-meta":"","astra-migrate-meta-layouts":"","ast-page-background-enabled":"default","ast-page-background-meta":{"desktop":{"background-color":"var(--ast-global-color-4)","background-image":"","background-repeat":"repeat","background-position":"center center","background-size":"auto","background-attachment":"scroll","background-type":"","background-media":"","overlay-type":"","overlay-color":"","overlay-gradient":""},"tablet":{"background-color":"","background-image":"","background-repeat":"repeat","background-position":"center center","background-size":"auto","background-attachment":"scroll","background-type":"","background-media":"","overlay-type":"","overlay-color":"","overlay-gradient":""},"mobile":{"background-color":"","background-image":"","background-repeat":"repeat","background-position":"center center","background-size":"auto","background-attachment":"scroll","background-type":"","background-media":"","overlay-type":"","overlay-color":"","overlay-gradient":""}},"ast-content-background-meta":{"desktop":{"background-color":"var(--ast-global-color-5)","background-image":"","background-repeat":"repeat","background-position":"center center","background-size":"auto","background-attachment":"scroll","background-type":"","background-media":"","overlay-type":"","overlay-color":"","overlay-gradient":""},"tablet":{"background-color":"var(--ast-global-color-5)","background-image":"","background-repeat":"repeat","background-position":"center center","background-size":"auto","background-attachment":"scroll","background-type":"","background-media":"","overlay-type":"","overlay-color":"","overlay-gradient":""},"mobile":{"background-color":"var(--ast-global-color-5)","background-image":"","background-repeat":"repeat","background-position":"center center","background-size":"auto","background-attachment":"scroll","background-type":"","background-media":"","overlay-type":"","overlay-color":"","overlay-gradient":""}}},"product_brand":[],"product_cat":[44,41],"product_tag":[],"class_list":{"0":"post-5534","1":"product","2":"type-product","3":"status-publish","4":"has-post-thumbnail","6":"product_cat-kuce-prodaja","7":"product_cat-prodaja","8":"pa_grad-prodaja-beograd","9":"pa_kvadratura-prodaja-200-300m2","10":"pa_lokacija-prodaja-sremcica","11":"pa_opstina-prodaja-cukarica","12":"pa_sprat-prodaja-pr","13":"pa_tip-nekretnine-prodaja-kuca","14":"pa_uknjizenost-da","15":"pa_ulica-prodaja-goricka","16":"desktop-align-left","17":"tablet-align-left","18":"mobile-align-left","20":"first","21":"instock","22":"shipping-taxable","23":"purchasable","24":"product-type-simple"},"_links":{"self":[{"href":"https:\/\/mbitdesign.com\/nekretnine\/wp-json\/wp\/v2\/product\/5534","targetHints":{"allow":["GET"]}}],"collection":[{"href":"https:\/\/mbitdesign.com\/nekretnine\/wp-json\/wp\/v2\/product"}],"about":[{"href":"https:\/\/mbitdesign.com\/nekretnine\/wp-json\/wp\/v2\/types\/product"}],"replies":[{"embeddable":true,"href":"https:\/\/mbitdesign.com\/nekretnine\/wp-json\/wp\/v2\/comments?post=5534"}],"wp:featuredmedia":[{"embeddable":true,"href":"https:\/\/mbitdesign.com\/nekretnine\/wp-json\/wp\/v2\/media\/5535"}],"wp:attachment":[{"href":"https:\/\/mbitdesign.com\/nekretnine\/wp-json\/wp\/v2\/media?parent=5534"}],"wp:term":[{"taxonomy":"product_brand","embeddable":true,"href":"https:\/\/mbitdesign.com\/nekretnine\/wp-json\/wp\/v2\/product_brand?post=5534"},{"taxonomy":"product_cat","embeddable":true,"href":"https:\/\/mbitdesign.com\/nekretnine\/wp-json\/wp\/v2\/product_cat?post=5534"},{"taxonomy":"product_tag","embeddable":true,"href":"https:\/\/mbitdesign.com\/nekretnine\/wp-json\/wp\/v2\/product_tag?post=5534"}],"curies":[{"name":"wp","href":"https:\/\/api.w.org\/{rel}","templated":true}]}}