{"id":5185,"date":"2023-10-04T11:37:47","date_gmt":"2023-10-04T10:37:47","guid":{"rendered":"https:\/\/mbitdesign.com\/nekretnine\/?post_type=product&#038;p=5185"},"modified":"2023-10-04T11:37:48","modified_gmt":"2023-10-04T10:37:48","slug":"zemun-ugrinovci-busije","status":"publish","type":"product","link":"https:\/\/mbitdesign.com\/nekretnine\/product\/zemun-ugrinovci-busije\/","title":{"rendered":"Zemun, Ugrinovci &#8211; Busije"},"content":{"rendered":"<p>Parcela pravilnog oblika, koja \u010ditavom jednom stranom izlazi na asfaltni put du\u017einom naselja Busije. Poljoprivredna kultura trenutno. Mogu\u0107a izgradnja objekata za poljoprivrednu delatnost po lokacijskoj dozvoli su predvi\u0111eni: poljoprivredni objekti, silosi, hladnja\u010de, skladi\u0161ta.<br \/>\nU neposrednoj blizini intermodularnog terminala, izme\u0111u dva autoputa i pruge Beograd-Budimpe\u0161ta, \u010dija je glavna uloga povezivanje te dve vrste transporta.<\/p>\n<p>Udaljenost od bitnih saobra\u0107ajnica i gradova:<br \/>\n-7,1 km od autoputa E70 i E75;<br \/>\n-22 km od Beograda;<br \/>\n-14,6 km Aerodrom \u201cNikola Tesla\u201d;<br \/>\n-Intermodalni terminal Batajnica, &#8211; \u017eeleznica  3,7 km;<br \/>\n-Luka Beograd-Dunav, 31 km;<br \/>\n-Luka Kopar,, 617 km ..E 70;<br \/>\n-Luka Solun 662km ..A 1.<\/p>\n<p>Mogu\u0107nost pro\u0161irenja za jo\u0161 3,2 ha, \u0161to bi bilo ukupno blizu 10ha.<\/p>\n<p>Agencijska provizija 2%.<\/p>\n<p>Za vi\u0161e informacija agent: Aleksandra  064 22 33 032<\/p>\n","protected":false},"excerpt":{"rendered":"<p>Zemun &#8211; Ugrinovci<\/p>\n<p>plac, 653ara (6,5ha), uknji\u017een<\/p>\n","protected":false},"featured_media":5186,"comment_status":"open","ping_status":"closed","template":"","meta":{"site-sidebar-layout":"default","site-content-layout":"default","ast-site-content-layout":"","site-content-style":"default","site-sidebar-style":"default","ast-global-header-display":"","ast-banner-title-visibility":"","ast-main-header-display":"","ast-hfb-above-header-display":"","ast-hfb-below-header-display":"","ast-hfb-mobile-header-display":"","site-post-title":"","ast-breadcrumbs-content":"","ast-featured-img":"","footer-sml-layout":"","theme-transparent-header-meta":"default","adv-header-id-meta":"","stick-header-meta":"default","header-above-stick-meta":"","header-main-stick-meta":"","header-below-stick-meta":"","astra-migrate-meta-layouts":"","ast-page-background-enabled":"default","ast-page-background-meta":{"desktop":{"background-color":"var(--ast-global-color-4)","background-image":"","background-repeat":"repeat","background-position":"center center","background-size":"auto","background-attachment":"scroll","background-type":"","background-media":"","overlay-type":"","overlay-color":"","overlay-gradient":""},"tablet":{"background-color":"","background-image":"","background-repeat":"repeat","background-position":"center center","background-size":"auto","background-attachment":"scroll","background-type":"","background-media":"","overlay-type":"","overlay-color":"","overlay-gradient":""},"mobile":{"background-color":"","background-image":"","background-repeat":"repeat","background-position":"center center","background-size":"auto","background-attachment":"scroll","background-type":"","background-media":"","overlay-type":"","overlay-color":"","overlay-gradient":""}},"ast-content-background-meta":{"desktop":{"background-color":"var(--ast-global-color-5)","background-image":"","background-repeat":"repeat","background-position":"center center","background-size":"auto","background-attachment":"scroll","background-type":"","background-media":"","overlay-type":"","overlay-color":"","overlay-gradient":""},"tablet":{"background-color":"var(--ast-global-color-5)","background-image":"","background-repeat":"repeat","background-position":"center center","background-size":"auto","background-attachment":"scroll","background-type":"","background-media":"","overlay-type":"","overlay-color":"","overlay-gradient":""},"mobile":{"background-color":"var(--ast-global-color-5)","background-image":"","background-repeat":"repeat","background-position":"center center","background-size":"auto","background-attachment":"scroll","background-type":"","background-media":"","overlay-type":"","overlay-color":"","overlay-gradient":""}}},"product_brand":[],"product_cat":[522,41],"product_tag":[],"class_list":{"0":"post-5185","1":"product","2":"type-product","3":"status-publish","4":"has-post-thumbnail","6":"product_cat-plac-prodaja","7":"product_cat-prodaja","8":"pa_grad-prodaja-beograd","9":"pa_kvadratura-prodaja-653ara","10":"pa_lokacija-prodaja-ugrinovci","11":"pa_opstina-prodaja-zemun","12":"pa_tip-nekretnine-prodaja-plac","13":"pa_uknjizenost-da","14":"desktop-align-left","15":"tablet-align-left","16":"mobile-align-left","18":"first","19":"instock","20":"shipping-taxable","21":"purchasable","22":"product-type-simple"},"_links":{"self":[{"href":"https:\/\/mbitdesign.com\/nekretnine\/wp-json\/wp\/v2\/product\/5185","targetHints":{"allow":["GET"]}}],"collection":[{"href":"https:\/\/mbitdesign.com\/nekretnine\/wp-json\/wp\/v2\/product"}],"about":[{"href":"https:\/\/mbitdesign.com\/nekretnine\/wp-json\/wp\/v2\/types\/product"}],"replies":[{"embeddable":true,"href":"https:\/\/mbitdesign.com\/nekretnine\/wp-json\/wp\/v2\/comments?post=5185"}],"wp:featuredmedia":[{"embeddable":true,"href":"https:\/\/mbitdesign.com\/nekretnine\/wp-json\/wp\/v2\/media\/5186"}],"wp:attachment":[{"href":"https:\/\/mbitdesign.com\/nekretnine\/wp-json\/wp\/v2\/media?parent=5185"}],"wp:term":[{"taxonomy":"product_brand","embeddable":true,"href":"https:\/\/mbitdesign.com\/nekretnine\/wp-json\/wp\/v2\/product_brand?post=5185"},{"taxonomy":"product_cat","embeddable":true,"href":"https:\/\/mbitdesign.com\/nekretnine\/wp-json\/wp\/v2\/product_cat?post=5185"},{"taxonomy":"product_tag","embeddable":true,"href":"https:\/\/mbitdesign.com\/nekretnine\/wp-json\/wp\/v2\/product_tag?post=5185"}],"curies":[{"name":"wp","href":"https:\/\/api.w.org\/{rel}","templated":true}]}}