{"id":4639,"date":"2023-08-02T11:43:44","date_gmt":"2023-08-02T10:43:44","guid":{"rendered":"https:\/\/mbitdesign.com\/nekretnine\/?post_type=product&#038;p=4639"},"modified":"2023-09-26T11:01:28","modified_gmt":"2023-09-26T10:01:28","slug":"zvezdara-lion-djevdjelijska","status":"publish","type":"product","link":"https:\/\/mbitdesign.com\/nekretnine\/product\/zvezdara-lion-djevdjelijska\/","title":{"rendered":"Zvezdara, Lion &#8211; \u0110ev\u0111elijska"},"content":{"rendered":"<p>Na prvom nivou stan poseduje prostranu adaptibilnu dnevnu sobu, kuhinju i trpezariju, spava\u0107u sobu sa izlaskom na lo\u0111u, prostrano kupatilo i prelepu terasu sa ugra\u0111enim grilom na gas.<br \/>\nNa drugom nivou stan poseduje dve spava\u0107e sobe sa krovnim &#8222;Velux&#8220; prozorima, prostran garderober i kupatilo sa kadom i tu\u0161 kabinom. <\/p>\n<p>Funkcionalan, svetao, jugo-isto\u010dno orijentisan stan u stambenom objektu novije gradnje. U stanu je ugra\u0111ena kvalitetna vi\u0161ekomorna pvc stolarija, kao i sanitarije i hrastov parket. Tro\u0161kovi infostana su oko 1500dinara.<br \/>\nStan je potpuno opremljen i name\u0161ten. Postoji mogu\u0107nost zakupa gara\u017enog mesta u podzemnoj gara\u017ei u blizini zgrade od 90eura mese\u010dno. <\/p>\n<p>Stambena zgrada se nalazi u mirnom delu ulice, na 5minuta hoda od Bulevara. U neposrednoj blizini je vi\u0161e \u0161kola, vrti\u0107a, gimnazije, pozori\u0161ta, vi\u0161e trgovinskih marketa, kao i stajali\u0161ta vi\u0161e tramvajskih i autobuskih linija.<\/p>\n<p>Uknji\u017een i odmah useljiv.<\/p>\n<p>Agencijska provizija 2%.<\/p>\n<p>Za vi\u0161e informacija agent: Dragutin 065 96 22 000<\/p>\n","protected":false},"excerpt":{"rendered":"<p>Zvezdara, Lion &#8211; \u0110ev\u0111elijska<\/p>\n<p>dupleks, 4.0, 157m2 (lo\u0111a i terasa), 5\/6, CG, lift, telefon, interfon, podrum, gara\u017ea<\/p>\n","protected":false},"featured_media":4640,"comment_status":"open","ping_status":"closed","template":"","meta":{"site-sidebar-layout":"default","site-content-layout":"default","ast-site-content-layout":"","site-content-style":"default","site-sidebar-style":"default","ast-global-header-display":"","ast-banner-title-visibility":"","ast-main-header-display":"","ast-hfb-above-header-display":"","ast-hfb-below-header-display":"","ast-hfb-mobile-header-display":"","site-post-title":"","ast-breadcrumbs-content":"","ast-featured-img":"","footer-sml-layout":"","theme-transparent-header-meta":"default","adv-header-id-meta":"","stick-header-meta":"default","header-above-stick-meta":"","header-main-stick-meta":"","header-below-stick-meta":"","astra-migrate-meta-layouts":"","ast-page-background-enabled":"default","ast-page-background-meta":{"desktop":{"background-color":"var(--ast-global-color-4)","background-image":"","background-repeat":"repeat","background-position":"center center","background-size":"auto","background-attachment":"scroll","background-type":"","background-media":"","overlay-type":"","overlay-color":"","overlay-gradient":""},"tablet":{"background-color":"","background-image":"","background-repeat":"repeat","background-position":"center center","background-size":"auto","background-attachment":"scroll","background-type":"","background-media":"","overlay-type":"","overlay-color":"","overlay-gradient":""},"mobile":{"background-color":"","background-image":"","background-repeat":"repeat","background-position":"center center","background-size":"auto","background-attachment":"scroll","background-type":"","background-media":"","overlay-type":"","overlay-color":"","overlay-gradient":""}},"ast-content-background-meta":{"desktop":{"background-color":"var(--ast-global-color-5)","background-image":"","background-repeat":"repeat","background-position":"center center","background-size":"auto","background-attachment":"scroll","background-type":"","background-media":"","overlay-type":"","overlay-color":"","overlay-gradient":""},"tablet":{"background-color":"var(--ast-global-color-5)","background-image":"","background-repeat":"repeat","background-position":"center center","background-size":"auto","background-attachment":"scroll","background-type":"","background-media":"","overlay-type":"","overlay-color":"","overlay-gradient":""},"mobile":{"background-color":"var(--ast-global-color-5)","background-image":"","background-repeat":"repeat","background-position":"center center","background-size":"auto","background-attachment":"scroll","background-type":"","background-media":"","overlay-type":"","overlay-color":"","overlay-gradient":""}}},"product_brand":[],"product_cat":[41,240,42],"product_tag":[],"class_list":{"0":"post-4639","1":"product","2":"type-product","3":"status-publish","4":"has-post-thumbnail","6":"product_cat-prodaja","7":"product_cat-slajder","8":"product_cat-stanovi","9":"pa_broj-soba-prodaja-33","10":"pa_grad-prodaja-beograd","11":"pa_kvadratura-prodaja-150-200m2","12":"pa_lokacija-prodaja-lion","13":"pa_opstina-prodaja-zvezdara","14":"pa_sprat-prodaja-34","15":"pa_spratnost-246","16":"pa_tip-nekretnine-prodaja-stan","17":"pa_uknjizenost-da","18":"pa_ulica-prodaja-djevdjelijska","19":"desktop-align-left","20":"tablet-align-left","21":"mobile-align-left","23":"first","24":"instock","25":"sale","26":"shipping-taxable","27":"purchasable","28":"product-type-simple"},"_links":{"self":[{"href":"https:\/\/mbitdesign.com\/nekretnine\/wp-json\/wp\/v2\/product\/4639","targetHints":{"allow":["GET"]}}],"collection":[{"href":"https:\/\/mbitdesign.com\/nekretnine\/wp-json\/wp\/v2\/product"}],"about":[{"href":"https:\/\/mbitdesign.com\/nekretnine\/wp-json\/wp\/v2\/types\/product"}],"replies":[{"embeddable":true,"href":"https:\/\/mbitdesign.com\/nekretnine\/wp-json\/wp\/v2\/comments?post=4639"}],"wp:featuredmedia":[{"embeddable":true,"href":"https:\/\/mbitdesign.com\/nekretnine\/wp-json\/wp\/v2\/media\/4640"}],"wp:attachment":[{"href":"https:\/\/mbitdesign.com\/nekretnine\/wp-json\/wp\/v2\/media?parent=4639"}],"wp:term":[{"taxonomy":"product_brand","embeddable":true,"href":"https:\/\/mbitdesign.com\/nekretnine\/wp-json\/wp\/v2\/product_brand?post=4639"},{"taxonomy":"product_cat","embeddable":true,"href":"https:\/\/mbitdesign.com\/nekretnine\/wp-json\/wp\/v2\/product_cat?post=4639"},{"taxonomy":"product_tag","embeddable":true,"href":"https:\/\/mbitdesign.com\/nekretnine\/wp-json\/wp\/v2\/product_tag?post=4639"}],"curies":[{"name":"wp","href":"https:\/\/api.w.org\/{rel}","templated":true}]}}