{"id":4288,"date":"2023-06-27T15:05:39","date_gmt":"2023-06-27T14:05:39","guid":{"rendered":"https:\/\/mbitdesign.com\/nekretnine\/?post_type=product&#038;p=4288"},"modified":"2023-06-27T15:05:41","modified_gmt":"2023-06-27T14:05:41","slug":"savski-venac-zeleni-venac-brankova","status":"publish","type":"product","link":"https:\/\/mbitdesign.com\/nekretnine\/product\/savski-venac-zeleni-venac-brankova\/","title":{"rendered":"Savski venac, Zeleni venac-Brankova"},"content":{"rendered":"<p>U mogu\u0107nosti smo da Vam ponudimo lokal sa velikim potencijalom kako za li\u010dni biznis, tako i za rentiranje, u jednoj od najprometnijih lokacija u Beogradu &#8211; Brankova ulica, u predratnoj zgradi sa odli\u010dno sre\u0111enom fasadom. Prostan je i lako adaptibilan, otvoren i svetao. Zgrada je sa izuzetno debelim zidovima, izlolacija je odli\u010dna i zahteva malo energije za grejenje i hla\u0111enje. Lokal ima samostalni vodomer odvojen od vodomera stambene zgrade. <\/p>\n<p>Tako\u0111e postoji opcija otvaranja jo\u0161 jednog ulaza iz stambene zgrade \u0161to otvara mogu\u0107nost da se koristi i kao prostor za stanovanje, izdavanje kao stan na dan itd.<\/p>\n<p>Uknji\u017een na 44m2, vlasni\u0161tvo 1\/1.<\/p>\n<p>Agencijska provizija 2%.<\/p>\n<p>Agent: Zdravko 064 87 80 985<\/p>\n","protected":false},"excerpt":{"rendered":"<p>Savski venac, Zeleni venac-Brankova<\/p>\n<p>lokal, 1.5, 44m2, PR\/5, EG<\/p>\n","protected":false},"featured_media":4289,"comment_status":"open","ping_status":"closed","template":"","meta":{"site-sidebar-layout":"default","site-content-layout":"default","ast-site-content-layout":"","site-content-style":"default","site-sidebar-style":"default","ast-global-header-display":"","ast-banner-title-visibility":"","ast-main-header-display":"","ast-hfb-above-header-display":"","ast-hfb-below-header-display":"","ast-hfb-mobile-header-display":"","site-post-title":"","ast-breadcrumbs-content":"","ast-featured-img":"","footer-sml-layout":"","theme-transparent-header-meta":"default","adv-header-id-meta":"","stick-header-meta":"default","header-above-stick-meta":"","header-main-stick-meta":"","header-below-stick-meta":"","astra-migrate-meta-layouts":"","ast-page-background-enabled":"default","ast-page-background-meta":{"desktop":{"background-color":"var(--ast-global-color-4)","background-image":"","background-repeat":"repeat","background-position":"center center","background-size":"auto","background-attachment":"scroll","background-type":"","background-media":"","overlay-type":"","overlay-color":"","overlay-gradient":""},"tablet":{"background-color":"","background-image":"","background-repeat":"repeat","background-position":"center center","background-size":"auto","background-attachment":"scroll","background-type":"","background-media":"","overlay-type":"","overlay-color":"","overlay-gradient":""},"mobile":{"background-color":"","background-image":"","background-repeat":"repeat","background-position":"center center","background-size":"auto","background-attachment":"scroll","background-type":"","background-media":"","overlay-type":"","overlay-color":"","overlay-gradient":""}},"ast-content-background-meta":{"desktop":{"background-color":"var(--ast-global-color-5)","background-image":"","background-repeat":"repeat","background-position":"center center","background-size":"auto","background-attachment":"scroll","background-type":"","background-media":"","overlay-type":"","overlay-color":"","overlay-gradient":""},"tablet":{"background-color":"var(--ast-global-color-5)","background-image":"","background-repeat":"repeat","background-position":"center center","background-size":"auto","background-attachment":"scroll","background-type":"","background-media":"","overlay-type":"","overlay-color":"","overlay-gradient":""},"mobile":{"background-color":"var(--ast-global-color-5)","background-image":"","background-repeat":"repeat","background-position":"center center","background-size":"auto","background-attachment":"scroll","background-type":"","background-media":"","overlay-type":"","overlay-color":"","overlay-gradient":""}}},"product_brand":[],"product_cat":[234,41],"product_tag":[],"class_list":{"0":"post-4288","1":"product","2":"type-product","3":"status-publish","4":"has-post-thumbnail","6":"product_cat-lokal-prodaja","7":"product_cat-prodaja","8":"pa_grad-prodaja-beograd","9":"pa_kvadratura-prodaja-40-50m2","10":"pa_lokacija-prodaja-zeleni-venac","11":"pa_opstina-prodaja-savski-venac","12":"pa_sprat-prodaja-pr","13":"pa_spratnost-97","14":"pa_tip-nekretnine-prodaja-lokal","15":"pa_uknjizenost-da","16":"pa_ulica-prodaja-brankova","17":"desktop-align-left","18":"tablet-align-left","19":"mobile-align-left","21":"first","22":"instock","23":"shipping-taxable","24":"purchasable","25":"product-type-simple"},"_links":{"self":[{"href":"https:\/\/mbitdesign.com\/nekretnine\/wp-json\/wp\/v2\/product\/4288","targetHints":{"allow":["GET"]}}],"collection":[{"href":"https:\/\/mbitdesign.com\/nekretnine\/wp-json\/wp\/v2\/product"}],"about":[{"href":"https:\/\/mbitdesign.com\/nekretnine\/wp-json\/wp\/v2\/types\/product"}],"replies":[{"embeddable":true,"href":"https:\/\/mbitdesign.com\/nekretnine\/wp-json\/wp\/v2\/comments?post=4288"}],"wp:featuredmedia":[{"embeddable":true,"href":"https:\/\/mbitdesign.com\/nekretnine\/wp-json\/wp\/v2\/media\/4289"}],"wp:attachment":[{"href":"https:\/\/mbitdesign.com\/nekretnine\/wp-json\/wp\/v2\/media?parent=4288"}],"wp:term":[{"taxonomy":"product_brand","embeddable":true,"href":"https:\/\/mbitdesign.com\/nekretnine\/wp-json\/wp\/v2\/product_brand?post=4288"},{"taxonomy":"product_cat","embeddable":true,"href":"https:\/\/mbitdesign.com\/nekretnine\/wp-json\/wp\/v2\/product_cat?post=4288"},{"taxonomy":"product_tag","embeddable":true,"href":"https:\/\/mbitdesign.com\/nekretnine\/wp-json\/wp\/v2\/product_tag?post=4288"}],"curies":[{"name":"wp","href":"https:\/\/api.w.org\/{rel}","templated":true}]}}