{"id":3843,"date":"2023-05-23T09:35:58","date_gmt":"2023-05-23T08:35:58","guid":{"rendered":"https:\/\/mbitdesign.com\/nekretnine\/?post_type=product&#038;p=3843"},"modified":"2023-07-28T10:21:31","modified_gmt":"2023-07-28T09:21:31","slug":"zlatibor-cigota-lux-3","status":"publish","type":"product","link":"https:\/\/mbitdesign.com\/nekretnine\/product\/zlatibor-cigota-lux-3\/","title":{"rendered":"Zlatibor, \u010cigota &#8211; Lux"},"content":{"rendered":"<p>Stan poseduje: hodnik, kupatilo, dnevnu sobu sa kuhinjsko-trpezarijskim delom, spava\u0107u sobu i polukru\u017enu terasu sa  pogledom na zelenilo i deo Zlatibora. <\/p>\n<p>Svetao, funkcionalan, zapadno orijentisan stan u veoma kvalitetnom stambenom objektu u zavr\u0161noj fazi gradnje. U stanu \u0107e biti ugra\u0111ena kvalitetna aluminijumska stolarija, sigurnosna ulazna vrata, brendirana keramika i sanitarije, kao i vi\u0161eslojni hrastov parket. Stambeni objekat se nalazi u mirnom i prelepom delu Zlatibora na nadmorskoj visini od 1.010m, gde se ukr\u0161taju ru\u017ee vetrova planinskih i morskih vazdu\u0161nih struja. <\/p>\n<p>U neposrednoj blizini su hoteli &#8222;\u010cigota&#8220;, &#8222;Tornik&#8220;, kompleks &#8222;Kraljevi Konaci&#8220;, kao i Kraljeve Vode &#8211; jezero, do koga se sti\u017ee za svega 10min lagane \u0161etnje. U blizini su sportske staze zdravlja rehabilitacionog centra &#8222;\u010cigota&#8220;, polazna stanica &#8222;Grand Gondole&#8220;, kao i omiljeno ishodi\u0161te zdrave \u0161etnje do &#8222;Spomenika&#8220; i priklju\u010denje na magistralni put Zlatibor-Prijepolje i dalje prema Crnoj Gori. <\/p>\n<p>Stanovi navedene strukture i kvadrature prodaju se od nivoa prizemlja do \u0161estog sprata, ali se cena po kvadratnom metru formira po spratnosti i razlikuje se po 50eura\/m2. Postoji mogu\u0107nost kupovine prostranog gara\u017enog mesta u suterenu stambenog objekta po ceni od 24.000eura sa PDV-om i ostave povr\u0161ine 4-6m2 po ceni od 1.100eura\/m2. <\/p>\n<p>U cenu stana nije ura\u010dunat PDV. Rok zavr\u0161etka gradnje je 31. decembar 2023. godine. <\/p>\n<p>Stan za svaku preporuku, kao investicija ili za kvalitetno stalno \u017eivljenje.<\/p>\n<p>Agencijska provizija 2%.<\/p>\n<p>Za vi\u0161e informacija agent: Dragutin 065 96 22 000<\/p>\n","protected":false},"excerpt":{"rendered":"<p>Zlatibor, \u010cigota &#8211; Sportova<\/p>\n<p>1.5, 53m2 (terasa), 3\/6, EG\/norve\u0161ki radijatori, lift, telefon, interfon, parking, gara\u017ea<\/p>\n","protected":false},"featured_media":3846,"comment_status":"open","ping_status":"closed","template":"","meta":{"site-sidebar-layout":"default","site-content-layout":"default","ast-site-content-layout":"","site-content-style":"default","site-sidebar-style":"default","ast-global-header-display":"","ast-banner-title-visibility":"","ast-main-header-display":"","ast-hfb-above-header-display":"","ast-hfb-below-header-display":"","ast-hfb-mobile-header-display":"","site-post-title":"","ast-breadcrumbs-content":"","ast-featured-img":"","footer-sml-layout":"","theme-transparent-header-meta":"default","adv-header-id-meta":"","stick-header-meta":"default","header-above-stick-meta":"","header-main-stick-meta":"","header-below-stick-meta":"","astra-migrate-meta-layouts":"","ast-page-background-enabled":"default","ast-page-background-meta":{"desktop":{"background-color":"var(--ast-global-color-4)","background-image":"","background-repeat":"repeat","background-position":"center center","background-size":"auto","background-attachment":"scroll","background-type":"","background-media":"","overlay-type":"","overlay-color":"","overlay-gradient":""},"tablet":{"background-color":"","background-image":"","background-repeat":"repeat","background-position":"center center","background-size":"auto","background-attachment":"scroll","background-type":"","background-media":"","overlay-type":"","overlay-color":"","overlay-gradient":""},"mobile":{"background-color":"","background-image":"","background-repeat":"repeat","background-position":"center center","background-size":"auto","background-attachment":"scroll","background-type":"","background-media":"","overlay-type":"","overlay-color":"","overlay-gradient":""}},"ast-content-background-meta":{"desktop":{"background-color":"var(--ast-global-color-5)","background-image":"","background-repeat":"repeat","background-position":"center center","background-size":"auto","background-attachment":"scroll","background-type":"","background-media":"","overlay-type":"","overlay-color":"","overlay-gradient":""},"tablet":{"background-color":"var(--ast-global-color-5)","background-image":"","background-repeat":"repeat","background-position":"center center","background-size":"auto","background-attachment":"scroll","background-type":"","background-media":"","overlay-type":"","overlay-color":"","overlay-gradient":""},"mobile":{"background-color":"var(--ast-global-color-5)","background-image":"","background-repeat":"repeat","background-position":"center center","background-size":"auto","background-attachment":"scroll","background-type":"","background-media":"","overlay-type":"","overlay-color":"","overlay-gradient":""}}},"product_brand":[],"product_cat":[41,240,42],"product_tag":[],"class_list":{"0":"post-3843","1":"product","2":"type-product","3":"status-publish","4":"has-post-thumbnail","6":"product_cat-prodaja","7":"product_cat-slajder","8":"product_cat-stanovi","9":"pa_broj-soba-prodaja-32","10":"pa_grad-prodaja-zlatibor","11":"pa_kvadratura-prodaja-50-60","12":"pa_lokacija-prodaja-centar","13":"pa_sprat-prodaja-27","14":"pa_spratnost-246","15":"pa_tip-nekretnine-prodaja-stan","16":"pa_ulica-prodaja-sportova","17":"desktop-align-left","18":"tablet-align-left","19":"mobile-align-left","21":"first","22":"instock","23":"sale","24":"shipping-taxable","25":"purchasable","26":"product-type-simple"},"_links":{"self":[{"href":"https:\/\/mbitdesign.com\/nekretnine\/wp-json\/wp\/v2\/product\/3843","targetHints":{"allow":["GET"]}}],"collection":[{"href":"https:\/\/mbitdesign.com\/nekretnine\/wp-json\/wp\/v2\/product"}],"about":[{"href":"https:\/\/mbitdesign.com\/nekretnine\/wp-json\/wp\/v2\/types\/product"}],"replies":[{"embeddable":true,"href":"https:\/\/mbitdesign.com\/nekretnine\/wp-json\/wp\/v2\/comments?post=3843"}],"wp:featuredmedia":[{"embeddable":true,"href":"https:\/\/mbitdesign.com\/nekretnine\/wp-json\/wp\/v2\/media\/3846"}],"wp:attachment":[{"href":"https:\/\/mbitdesign.com\/nekretnine\/wp-json\/wp\/v2\/media?parent=3843"}],"wp:term":[{"taxonomy":"product_brand","embeddable":true,"href":"https:\/\/mbitdesign.com\/nekretnine\/wp-json\/wp\/v2\/product_brand?post=3843"},{"taxonomy":"product_cat","embeddable":true,"href":"https:\/\/mbitdesign.com\/nekretnine\/wp-json\/wp\/v2\/product_cat?post=3843"},{"taxonomy":"product_tag","embeddable":true,"href":"https:\/\/mbitdesign.com\/nekretnine\/wp-json\/wp\/v2\/product_tag?post=3843"}],"curies":[{"name":"wp","href":"https:\/\/api.w.org\/{rel}","templated":true}]}}