{"id":3802,"date":"2023-05-22T09:20:58","date_gmt":"2023-05-22T08:20:58","guid":{"rendered":"https:\/\/mbitdesign.com\/nekretnine\/?post_type=product&#038;p=3802"},"modified":"2023-05-22T09:20:59","modified_gmt":"2023-05-22T08:20:59","slug":"vozdovac-banjica-bastovanska","status":"publish","type":"product","link":"https:\/\/mbitdesign.com\/nekretnine\/product\/vozdovac-banjica-bastovanska\/","title":{"rendered":"Vo\u017edovac, Banjica &#8211; Ba\u0161tovanska"},"content":{"rendered":"<p>Veoma funkcionalan, severo-zapadno orijentisan stan u kvalitetnoj stambenoj zgradi od crvene fasadne cigle, popularnoj &#8222;Generalici&#8220;. U stanu je kompletno renovirano kupatilo, postavljene nove instalacije, kerami\u010dke plo\u010dice, sanitarije i tu\u0161 kabina, hoblovan parket, zamenjena elektri\u010dna tabla sa automatskim osigura\u010dima, dok je ostatak stana u izvornom stanju. <\/p>\n<p>Stan pru\u017ea mogu\u0107nost kvalitetnog \u017eivljenja i komfora u mirnom delu metropole koji ima svu neophodnu infrastrukturu. Zgrada se nalazi u neposrednoj blizini TC Banjica, trgova\u010dkog marketa Maxi, O\u0160, de\u010dijih vrti\u0107a, okretnice tramvajskih linija (9, 12 i 14), trolejbuskih linija (40 i 41), vi\u0161e autobuskih linija, sportskog centra, VMA i Banji\u010dke \u0161ume. <\/p>\n<p>Pored stana postoji mogu\u0107nost naknadne kupovine gara\u017enog mesta u suterenu zgrade sa rolo vratima, a cena je po dogovoru. <\/p>\n<p>Za svaku preporuku. Uknji\u017een.<\/p>\n<p>Agencijska provizija 2%.<\/p>\n<p>Za vi\u0161e informacija agent: Dragutin 065 96 22 000<\/p>\n","protected":false},"excerpt":{"rendered":"<p>4.5, 105m2 (terasa i lo\u0111a), 1\/2, CG, telefonon, interfon, podrum<\/p>\n<p>Stan se sastoji od ulaznog hodnika, gostinskog toaleta, ostave, kupatila, prostrane dnevne sobe sa kuhinjom i trpezarijom, tri spava\u0107e sobe, lo\u0111e i terase sa lepim pogledom na zelenilo u okru\u017eenju. <\/p>\n","protected":false},"featured_media":3805,"comment_status":"open","ping_status":"closed","template":"","meta":{"site-sidebar-layout":"default","site-content-layout":"default","ast-site-content-layout":"","site-content-style":"default","site-sidebar-style":"default","ast-global-header-display":"","ast-banner-title-visibility":"","ast-main-header-display":"","ast-hfb-above-header-display":"","ast-hfb-below-header-display":"","ast-hfb-mobile-header-display":"","site-post-title":"","ast-breadcrumbs-content":"","ast-featured-img":"","footer-sml-layout":"","theme-transparent-header-meta":"default","adv-header-id-meta":"","stick-header-meta":"default","header-above-stick-meta":"","header-main-stick-meta":"","header-below-stick-meta":"","astra-migrate-meta-layouts":"","ast-page-background-enabled":"default","ast-page-background-meta":{"desktop":{"background-color":"var(--ast-global-color-4)","background-image":"","background-repeat":"repeat","background-position":"center center","background-size":"auto","background-attachment":"scroll","background-type":"","background-media":"","overlay-type":"","overlay-color":"","overlay-gradient":""},"tablet":{"background-color":"","background-image":"","background-repeat":"repeat","background-position":"center center","background-size":"auto","background-attachment":"scroll","background-type":"","background-media":"","overlay-type":"","overlay-color":"","overlay-gradient":""},"mobile":{"background-color":"","background-image":"","background-repeat":"repeat","background-position":"center center","background-size":"auto","background-attachment":"scroll","background-type":"","background-media":"","overlay-type":"","overlay-color":"","overlay-gradient":""}},"ast-content-background-meta":{"desktop":{"background-color":"var(--ast-global-color-5)","background-image":"","background-repeat":"repeat","background-position":"center center","background-size":"auto","background-attachment":"scroll","background-type":"","background-media":"","overlay-type":"","overlay-color":"","overlay-gradient":""},"tablet":{"background-color":"var(--ast-global-color-5)","background-image":"","background-repeat":"repeat","background-position":"center center","background-size":"auto","background-attachment":"scroll","background-type":"","background-media":"","overlay-type":"","overlay-color":"","overlay-gradient":""},"mobile":{"background-color":"var(--ast-global-color-5)","background-image":"","background-repeat":"repeat","background-position":"center center","background-size":"auto","background-attachment":"scroll","background-type":"","background-media":"","overlay-type":"","overlay-color":"","overlay-gradient":""}}},"product_brand":[],"product_cat":[41,42],"product_tag":[],"class_list":{"0":"post-3802","1":"product","2":"type-product","3":"status-publish","4":"has-post-thumbnail","6":"product_cat-prodaja","7":"product_cat-stanovi","8":"pa_broj-soba-prodaja-57","9":"pa_grad-prodaja-beograd","10":"pa_kvadratura-prodaja-100-120m2","11":"pa_lokacija-prodaja-banjica","12":"pa_opstina-prodaja-vozdovac","13":"pa_sprat-prodaja-25","14":"pa_spratnost-94","15":"pa_tip-nekretnine-prodaja-stan","16":"pa_uknjizenost-da","17":"pa_ulica-prodaja-bastovanska","18":"desktop-align-left","19":"tablet-align-left","20":"mobile-align-left","22":"first","23":"instock","24":"shipping-taxable","25":"purchasable","26":"product-type-simple"},"_links":{"self":[{"href":"https:\/\/mbitdesign.com\/nekretnine\/wp-json\/wp\/v2\/product\/3802","targetHints":{"allow":["GET"]}}],"collection":[{"href":"https:\/\/mbitdesign.com\/nekretnine\/wp-json\/wp\/v2\/product"}],"about":[{"href":"https:\/\/mbitdesign.com\/nekretnine\/wp-json\/wp\/v2\/types\/product"}],"replies":[{"embeddable":true,"href":"https:\/\/mbitdesign.com\/nekretnine\/wp-json\/wp\/v2\/comments?post=3802"}],"wp:featuredmedia":[{"embeddable":true,"href":"https:\/\/mbitdesign.com\/nekretnine\/wp-json\/wp\/v2\/media\/3805"}],"wp:attachment":[{"href":"https:\/\/mbitdesign.com\/nekretnine\/wp-json\/wp\/v2\/media?parent=3802"}],"wp:term":[{"taxonomy":"product_brand","embeddable":true,"href":"https:\/\/mbitdesign.com\/nekretnine\/wp-json\/wp\/v2\/product_brand?post=3802"},{"taxonomy":"product_cat","embeddable":true,"href":"https:\/\/mbitdesign.com\/nekretnine\/wp-json\/wp\/v2\/product_cat?post=3802"},{"taxonomy":"product_tag","embeddable":true,"href":"https:\/\/mbitdesign.com\/nekretnine\/wp-json\/wp\/v2\/product_tag?post=3802"}],"curies":[{"name":"wp","href":"https:\/\/api.w.org\/{rel}","templated":true}]}}