{"id":3692,"date":"2023-05-10T09:09:14","date_gmt":"2023-05-10T08:09:14","guid":{"rendered":"https:\/\/mbitdesign.com\/nekretnine\/?post_type=product&#038;p=3692"},"modified":"2023-11-09T11:30:01","modified_gmt":"2023-11-09T10:30:01","slug":"arena-spanskih-boraca","status":"publish","type":"product","link":"https:\/\/mbitdesign.com\/nekretnine\/product\/arena-spanskih-boraca\/","title":{"rendered":"Novi Beograd &#8211; Kod Arene"},"content":{"rendered":"<p>Na jednoj od najatraktivnijih lokacija na Novom Beogradum sa kompletnom infrastrukturom nalazi se ovaj impozantan stan, sa prelepim pogledom, dvostrano orijentisan, sun\u010dan, u dobro odr\u017eavanoj zgradi kvaitetne gradnje. U potpunosti je okru\u017een zelenilom i sakriven od gradske buke, tako da kada u\u0111ete u njega sti\u010dete utisak da ste u\u0161li u svoju oazu mira. <\/p>\n<p>Stan poseduje ulazni hodnik iz kojeg se ulazi u gostinjski toalet, a pravo iz hodnika ulazite u prostrani i osun\u010dani dnevni boravak iz kojeg se izlazi na prelepu veliku lo\u0111u. Iz trpezarije se izlazi na jo\u0161 jednu manju lo\u0111u i ulazi se u kuhinju koja ima prozor (prirodnu ventilaciju) i odvojenu ostavu. <\/p>\n<p>Spava\u0107i blok je odvojen &#8211; ulazi se u hodnik, u kojem su sme\u0161teni ugradni plakari, iz kojeg se ulazi u kupatilo, kao i u dve spava\u0107e sobe u koje su tako\u0111e ugra\u0111eni plakari, tako da je ostatak stana slobodan i prostran i pogodan za lagodan \u017eivot. <\/p>\n<p>Stan ima i svoju pripadaju\u0107u podrumsku prostoriju. Zgrada je veoma odr\u017eavana, skup\u0161tina stanara je lepo organizovana, od izdavanja zajedni\u010dkih prostorija sav novac ula\u017eu u odr\u017eavanje. Poseduje video nadzor.<\/p>\n<p>U suterenu zgrade postoje gara\u017ee, tako da budu\u0107i kupac ove nekretnine mo\u017ee ostvariti mogu\u0107nost kupovine parking mesta ili ga za po\u010detak iznajmiti. Ova nekretnina \u0107e vam pru\u017eiti mir i svu udobnost toliko potrebnu u dana\u0161njem u\u017eurbanom na\u010dinu \u017eivota.<\/p>\n<p>Agencijska provizija 2%.<\/p>\n<p>Za vi\u0161e informacija agent: Ljiljana 064 12 34 330<\/p>\n","protected":false},"excerpt":{"rendered":"<p>Novi Beograd &#8211; Blok 30 <\/p>\n<p>3.0, uknji\u017een na korisnu povr\u0161inu 88m2 (dve lo\u0111e), 6\/6, CG, lift, telefon, interfon, video nadzor, podrum, parking<\/p>\n","protected":false},"featured_media":3695,"comment_status":"open","ping_status":"closed","template":"","meta":{"site-sidebar-layout":"default","site-content-layout":"default","ast-site-content-layout":"","site-content-style":"default","site-sidebar-style":"default","ast-global-header-display":"","ast-banner-title-visibility":"","ast-main-header-display":"","ast-hfb-above-header-display":"","ast-hfb-below-header-display":"","ast-hfb-mobile-header-display":"","site-post-title":"","ast-breadcrumbs-content":"","ast-featured-img":"","footer-sml-layout":"","theme-transparent-header-meta":"default","adv-header-id-meta":"","stick-header-meta":"default","header-above-stick-meta":"","header-main-stick-meta":"","header-below-stick-meta":"","astra-migrate-meta-layouts":"","ast-page-background-enabled":"default","ast-page-background-meta":{"desktop":{"background-color":"var(--ast-global-color-4)","background-image":"","background-repeat":"repeat","background-position":"center center","background-size":"auto","background-attachment":"scroll","background-type":"","background-media":"","overlay-type":"","overlay-color":"","overlay-gradient":""},"tablet":{"background-color":"","background-image":"","background-repeat":"repeat","background-position":"center center","background-size":"auto","background-attachment":"scroll","background-type":"","background-media":"","overlay-type":"","overlay-color":"","overlay-gradient":""},"mobile":{"background-color":"","background-image":"","background-repeat":"repeat","background-position":"center center","background-size":"auto","background-attachment":"scroll","background-type":"","background-media":"","overlay-type":"","overlay-color":"","overlay-gradient":""}},"ast-content-background-meta":{"desktop":{"background-color":"var(--ast-global-color-5)","background-image":"","background-repeat":"repeat","background-position":"center center","background-size":"auto","background-attachment":"scroll","background-type":"","background-media":"","overlay-type":"","overlay-color":"","overlay-gradient":""},"tablet":{"background-color":"var(--ast-global-color-5)","background-image":"","background-repeat":"repeat","background-position":"center center","background-size":"auto","background-attachment":"scroll","background-type":"","background-media":"","overlay-type":"","overlay-color":"","overlay-gradient":""},"mobile":{"background-color":"var(--ast-global-color-5)","background-image":"","background-repeat":"repeat","background-position":"center center","background-size":"auto","background-attachment":"scroll","background-type":"","background-media":"","overlay-type":"","overlay-color":"","overlay-gradient":""}}},"product_brand":[],"product_cat":[41,240,42],"product_tag":[],"class_list":{"0":"post-3692","1":"product","2":"type-product","3":"status-publish","4":"has-post-thumbnail","6":"product_cat-prodaja","7":"product_cat-slajder","8":"product_cat-stanovi","9":"pa_broj-soba-prodaja-29","10":"pa_grad-prodaja-beograd","11":"pa_kvadratura-prodaja-80-90","12":"pa_lokacija-prodaja-blok-30","13":"pa_opstina-prodaja-novi-beograd","14":"pa_sprat-prodaja-35","15":"pa_spratnost-246","16":"pa_tip-nekretnine-prodaja-stan","17":"pa_uknjizenost-da","18":"desktop-align-left","19":"tablet-align-left","20":"mobile-align-left","22":"first","23":"instock","24":"sale","25":"shipping-taxable","26":"purchasable","27":"product-type-simple"},"_links":{"self":[{"href":"https:\/\/mbitdesign.com\/nekretnine\/wp-json\/wp\/v2\/product\/3692","targetHints":{"allow":["GET"]}}],"collection":[{"href":"https:\/\/mbitdesign.com\/nekretnine\/wp-json\/wp\/v2\/product"}],"about":[{"href":"https:\/\/mbitdesign.com\/nekretnine\/wp-json\/wp\/v2\/types\/product"}],"replies":[{"embeddable":true,"href":"https:\/\/mbitdesign.com\/nekretnine\/wp-json\/wp\/v2\/comments?post=3692"}],"wp:featuredmedia":[{"embeddable":true,"href":"https:\/\/mbitdesign.com\/nekretnine\/wp-json\/wp\/v2\/media\/3695"}],"wp:attachment":[{"href":"https:\/\/mbitdesign.com\/nekretnine\/wp-json\/wp\/v2\/media?parent=3692"}],"wp:term":[{"taxonomy":"product_brand","embeddable":true,"href":"https:\/\/mbitdesign.com\/nekretnine\/wp-json\/wp\/v2\/product_brand?post=3692"},{"taxonomy":"product_cat","embeddable":true,"href":"https:\/\/mbitdesign.com\/nekretnine\/wp-json\/wp\/v2\/product_cat?post=3692"},{"taxonomy":"product_tag","embeddable":true,"href":"https:\/\/mbitdesign.com\/nekretnine\/wp-json\/wp\/v2\/product_tag?post=3692"}],"curies":[{"name":"wp","href":"https:\/\/api.w.org\/{rel}","templated":true}]}}