{"id":3390,"date":"2023-04-06T10:10:25","date_gmt":"2023-04-06T09:10:25","guid":{"rendered":"https:\/\/mbitdesign.com\/nekretnine\/?post_type=product&#038;p=3390"},"modified":"2023-08-02T12:35:00","modified_gmt":"2023-08-02T11:35:00","slug":"grocka-kaludjerica","status":"publish","type":"product","link":"https:\/\/mbitdesign.com\/nekretnine\/product\/grocka-kaludjerica\/","title":{"rendered":"Grocka &#8211; Kalu\u0111erica"},"content":{"rendered":"<p>Stan poseduje: predsoblje, kupatilo, kuhinju, prostranu dnevnu sobu sa trpezarijom, spava\u0107u sobu i terasu sa lepim pogledom.<\/p>\n<p>Svetao, funkcionalan stan u stambenom objektu u izgradnji, na jednoj od najpo\u017eeljnijih lokacija u Kalu\u0111erici. U stanu \u0107e biti ugra\u0111ena kvalitetna vi\u0161ekomorna PVC stolarija, savremena keramika i sanitarije kao i hrastov parket prve klase. Postoji mogu\u0107nost povrata PDV-a za kupca prvog stana. <\/p>\n<p>Zgrada je u fazi gradnje i gradi se od najsavremenijih gra\u0111evinskih i termoizolacionih materijala i posedova\u0107e energetski paso\u0161. Stati\u010dki je vrhunske gradnje i gradi se na temeljnoj plo\u010di. Pored stana postoji mogu\u0107nost kupovine mesta u podzemnoj gara\u017ei na nivou -1 po ceni od 8.000e + PDV, kao i spoljnog parking mesta po ceni od 3.000e. Zgrada se nalazi u neposrednoj blizini trgova\u010dkog supermarketa, pijace, osnovne \u0161kole, vrti\u0107a, doma zdravlja, kao i stajli\u0161ta autobuske linije 309. <\/p>\n<p>Rok zavr\u0161etka gradnje je 01.jun 2024. Za svaku preporuku.<\/p>\n<p>Agencijska provizija 2%.<\/p>\n<p>Za vi\u0161e informacija agent: Dragutin 065 96 22 000<\/p>\n","protected":false},"excerpt":{"rendered":"<p>Grocka &#8211; Kalu\u0111erica<\/p>\n<p>2.0, 50m2 (terasa), 3\/3, EG, lift, telefon, interfon, parking, gara\u017ea<\/p>\n","protected":false},"featured_media":3393,"comment_status":"open","ping_status":"closed","template":"","meta":{"site-sidebar-layout":"default","site-content-layout":"default","ast-site-content-layout":"","site-content-style":"default","site-sidebar-style":"default","ast-global-header-display":"","ast-banner-title-visibility":"","ast-main-header-display":"","ast-hfb-above-header-display":"","ast-hfb-below-header-display":"","ast-hfb-mobile-header-display":"","site-post-title":"","ast-breadcrumbs-content":"","ast-featured-img":"","footer-sml-layout":"","theme-transparent-header-meta":"default","adv-header-id-meta":"","stick-header-meta":"default","header-above-stick-meta":"","header-main-stick-meta":"","header-below-stick-meta":"","astra-migrate-meta-layouts":"","ast-page-background-enabled":"default","ast-page-background-meta":{"desktop":{"background-color":"var(--ast-global-color-4)","background-image":"","background-repeat":"repeat","background-position":"center center","background-size":"auto","background-attachment":"scroll","background-type":"","background-media":"","overlay-type":"","overlay-color":"","overlay-gradient":""},"tablet":{"background-color":"","background-image":"","background-repeat":"repeat","background-position":"center center","background-size":"auto","background-attachment":"scroll","background-type":"","background-media":"","overlay-type":"","overlay-color":"","overlay-gradient":""},"mobile":{"background-color":"","background-image":"","background-repeat":"repeat","background-position":"center center","background-size":"auto","background-attachment":"scroll","background-type":"","background-media":"","overlay-type":"","overlay-color":"","overlay-gradient":""}},"ast-content-background-meta":{"desktop":{"background-color":"var(--ast-global-color-5)","background-image":"","background-repeat":"repeat","background-position":"center center","background-size":"auto","background-attachment":"scroll","background-type":"","background-media":"","overlay-type":"","overlay-color":"","overlay-gradient":""},"tablet":{"background-color":"var(--ast-global-color-5)","background-image":"","background-repeat":"repeat","background-position":"center center","background-size":"auto","background-attachment":"scroll","background-type":"","background-media":"","overlay-type":"","overlay-color":"","overlay-gradient":""},"mobile":{"background-color":"var(--ast-global-color-5)","background-image":"","background-repeat":"repeat","background-position":"center center","background-size":"auto","background-attachment":"scroll","background-type":"","background-media":"","overlay-type":"","overlay-color":"","overlay-gradient":""}}},"product_brand":[],"product_cat":[41,240,42],"product_tag":[],"class_list":{"0":"post-3390","1":"product","2":"type-product","3":"status-publish","4":"has-post-thumbnail","6":"product_cat-prodaja","7":"product_cat-slajder","8":"product_cat-stanovi","9":"pa_broj-soba-prodaja-22","10":"pa_grad-prodaja-beograd","11":"pa_kvadratura-prodaja-50-60","12":"pa_lokacija-prodaja-kaludjerica","13":"pa_opstina-prodaja-grocka","14":"pa_sprat-prodaja-27","15":"pa_spratnost-95","16":"pa_tip-nekretnine-prodaja-stan","17":"desktop-align-left","18":"tablet-align-left","19":"mobile-align-left","21":"first","22":"instock","23":"sale","24":"shipping-taxable","25":"purchasable","26":"product-type-simple"},"_links":{"self":[{"href":"https:\/\/mbitdesign.com\/nekretnine\/wp-json\/wp\/v2\/product\/3390","targetHints":{"allow":["GET"]}}],"collection":[{"href":"https:\/\/mbitdesign.com\/nekretnine\/wp-json\/wp\/v2\/product"}],"about":[{"href":"https:\/\/mbitdesign.com\/nekretnine\/wp-json\/wp\/v2\/types\/product"}],"replies":[{"embeddable":true,"href":"https:\/\/mbitdesign.com\/nekretnine\/wp-json\/wp\/v2\/comments?post=3390"}],"wp:featuredmedia":[{"embeddable":true,"href":"https:\/\/mbitdesign.com\/nekretnine\/wp-json\/wp\/v2\/media\/3393"}],"wp:attachment":[{"href":"https:\/\/mbitdesign.com\/nekretnine\/wp-json\/wp\/v2\/media?parent=3390"}],"wp:term":[{"taxonomy":"product_brand","embeddable":true,"href":"https:\/\/mbitdesign.com\/nekretnine\/wp-json\/wp\/v2\/product_brand?post=3390"},{"taxonomy":"product_cat","embeddable":true,"href":"https:\/\/mbitdesign.com\/nekretnine\/wp-json\/wp\/v2\/product_cat?post=3390"},{"taxonomy":"product_tag","embeddable":true,"href":"https:\/\/mbitdesign.com\/nekretnine\/wp-json\/wp\/v2\/product_tag?post=3390"}],"curies":[{"name":"wp","href":"https:\/\/api.w.org\/{rel}","templated":true}]}}