{"id":2531,"date":"2023-01-24T16:12:28","date_gmt":"2023-01-24T15:12:28","guid":{"rendered":"https:\/\/mbitdesign.com\/nekretnine\/?post_type=product&#038;p=2531"},"modified":"2023-07-04T12:54:23","modified_gmt":"2023-07-04T11:54:23","slug":"raskosan-salonac-u-centru-beograda","status":"publish","type":"product","link":"https:\/\/mbitdesign.com\/nekretnine\/product\/raskosan-salonac-u-centru-beograda\/","title":{"rendered":"Rasko\u0161an salonac u centru Beograda"},"content":{"rendered":"<p>Prostorije: ulazni hodnik (antre), centralni salon (dnevni boravak), tri spava\u0107e sobe, trpezarija, kuhinja, ostava, dva kupatila i gostinjski toalet, dve terase i balkon. <\/p>\n<p>Ova rasko\u0161na nekretnina se nalazi u samom srcu Starog grada u predivnoj predratnoj zgradi iz 1935. godine, koja je projekat poznatog i svetski priznatog arhitekte Alfreda Melameda. Bila je inspirativna i za medijske ku\u0107e koje su je izabrale za snimanje serije &#8222;Bolji \u017eivot&#8220;. <\/p>\n<p>Zgrada koja je spolja i unutra veoma o\u010duvana, a utisak rasko\u0161i doprinosi perfektan salonski ulaz, visoki plafoni, gipsani radovi. Ova nekretnina je raritetna koja odi\u0161e funkcionalno\u0161\u0107u, izuzetno dobrim rasporedom prostorija, \u010detvorostranom orijentacijom, koja pru\u017ea obilje dnevnog svetla. Visina plafona od 3,20m, karakteristi\u010dna za salonske stanove, dodatno doprinosi ose\u0107aju prostranosti i komfora. <\/p>\n<p>Stan se sastoji od ulaznog antrea koji vodi u centralni salon sa kaminom, koji je povezan sa trpezarijskim delom i izlazom na terasu. Tri spava\u0107e velike sobe, od kojih su dve sa pripadaju\u0107im kupatilima (master bathroom), dodatno doprinose punom komforu stanovanja. Kompletna atmosfera stana stvara vizuelni utisak ku\u0107e. Ima dva ulaza, tri vrste grejanja (centralno, struja i kamin koji je u funkciji). Ima tri terase orijentisane ka dvori\u0161tu. Poseduje pripadaju\u0107u ostavu od 6m2 koja se nalazi u nivou prizemlja sa prozorom ka ulici. <\/p>\n<p>Blizina Skadarlije, velikog Bitef teatra, vrti\u0107a, \u0161kola, trgovina komercijalnog i poslovnog sadr\u017eaja, parkovi, \u010dine ovu nepokretnost lokacijski idealnim izborom za \u017eivot. Kupovina nepokretnosti na ovoj presti\u017enoj lokaciji mo\u017ee se porediti sa kupovinom umetni\u010dkih dela. Time je osigurana vanvremenska sigurna investicija. <\/p>\n<p>Uknji\u017een.<\/p>\n<p>Agencijska provizija 2%.<\/p>\n<p>Agent: Ljiljana  064 12 34 330<\/p>\n","protected":false},"excerpt":{"rendered":"<p>Stari grad &#8211; Centar<\/p>\n<p>4.0, mereno 144m2, uknji\u017een na 118m2(dve terase i balkon), 3\/4, CG, telefon, interfon, KATV, internet, klima<\/p>\n","protected":false},"featured_media":2555,"comment_status":"open","ping_status":"closed","template":"","meta":{"site-sidebar-layout":"default","site-content-layout":"default","ast-site-content-layout":"","site-content-style":"default","site-sidebar-style":"default","ast-global-header-display":"","ast-banner-title-visibility":"","ast-main-header-display":"","ast-hfb-above-header-display":"","ast-hfb-below-header-display":"","ast-hfb-mobile-header-display":"","site-post-title":"","ast-breadcrumbs-content":"","ast-featured-img":"","footer-sml-layout":"","theme-transparent-header-meta":"default","adv-header-id-meta":"","stick-header-meta":"default","header-above-stick-meta":"","header-main-stick-meta":"","header-below-stick-meta":"","astra-migrate-meta-layouts":"","ast-page-background-enabled":"default","ast-page-background-meta":{"desktop":{"background-color":"var(--ast-global-color-4)","background-image":"","background-repeat":"repeat","background-position":"center center","background-size":"auto","background-attachment":"scroll","background-type":"","background-media":"","overlay-type":"","overlay-color":"","overlay-gradient":""},"tablet":{"background-color":"","background-image":"","background-repeat":"repeat","background-position":"center center","background-size":"auto","background-attachment":"scroll","background-type":"","background-media":"","overlay-type":"","overlay-color":"","overlay-gradient":""},"mobile":{"background-color":"","background-image":"","background-repeat":"repeat","background-position":"center center","background-size":"auto","background-attachment":"scroll","background-type":"","background-media":"","overlay-type":"","overlay-color":"","overlay-gradient":""}},"ast-content-background-meta":{"desktop":{"background-color":"var(--ast-global-color-5)","background-image":"","background-repeat":"repeat","background-position":"center center","background-size":"auto","background-attachment":"scroll","background-type":"","background-media":"","overlay-type":"","overlay-color":"","overlay-gradient":""},"tablet":{"background-color":"var(--ast-global-color-5)","background-image":"","background-repeat":"repeat","background-position":"center center","background-size":"auto","background-attachment":"scroll","background-type":"","background-media":"","overlay-type":"","overlay-color":"","overlay-gradient":""},"mobile":{"background-color":"var(--ast-global-color-5)","background-image":"","background-repeat":"repeat","background-position":"center center","background-size":"auto","background-attachment":"scroll","background-type":"","background-media":"","overlay-type":"","overlay-color":"","overlay-gradient":""}}},"product_brand":[],"product_cat":[41,240,42],"product_tag":[],"class_list":{"0":"post-2531","1":"product","2":"type-product","3":"status-publish","4":"has-post-thumbnail","6":"product_cat-prodaja","7":"product_cat-slajder","8":"product_cat-stanovi","9":"pa_broj-soba-prodaja-33","10":"pa_grad-prodaja-beograd","11":"pa_kvadratura-prodaja-100-120m2","12":"pa_lokacija-prodaja-centar","13":"pa_opstina-prodaja-stari-grad","14":"pa_sprat-prodaja-27","15":"pa_spratnost-96","16":"pa_tip-nekretnine-prodaja-stan","17":"pa_uknjizenost-da","18":"desktop-align-left","19":"tablet-align-left","20":"mobile-align-left","22":"first","23":"instock","24":"shipping-taxable","25":"purchasable","26":"product-type-simple"},"_links":{"self":[{"href":"https:\/\/mbitdesign.com\/nekretnine\/wp-json\/wp\/v2\/product\/2531","targetHints":{"allow":["GET"]}}],"collection":[{"href":"https:\/\/mbitdesign.com\/nekretnine\/wp-json\/wp\/v2\/product"}],"about":[{"href":"https:\/\/mbitdesign.com\/nekretnine\/wp-json\/wp\/v2\/types\/product"}],"replies":[{"embeddable":true,"href":"https:\/\/mbitdesign.com\/nekretnine\/wp-json\/wp\/v2\/comments?post=2531"}],"wp:featuredmedia":[{"embeddable":true,"href":"https:\/\/mbitdesign.com\/nekretnine\/wp-json\/wp\/v2\/media\/2555"}],"wp:attachment":[{"href":"https:\/\/mbitdesign.com\/nekretnine\/wp-json\/wp\/v2\/media?parent=2531"}],"wp:term":[{"taxonomy":"product_brand","embeddable":true,"href":"https:\/\/mbitdesign.com\/nekretnine\/wp-json\/wp\/v2\/product_brand?post=2531"},{"taxonomy":"product_cat","embeddable":true,"href":"https:\/\/mbitdesign.com\/nekretnine\/wp-json\/wp\/v2\/product_cat?post=2531"},{"taxonomy":"product_tag","embeddable":true,"href":"https:\/\/mbitdesign.com\/nekretnine\/wp-json\/wp\/v2\/product_tag?post=2531"}],"curies":[{"name":"wp","href":"https:\/\/api.w.org\/{rel}","templated":true}]}}