{"id":2210,"date":"2022-12-22T16:14:17","date_gmt":"2022-12-22T15:14:17","guid":{"rendered":"https:\/\/mbitdesign.com\/nekretnine\/?post_type=product&#038;p=2210"},"modified":"2023-07-04T12:56:14","modified_gmt":"2023-07-04T11:56:14","slug":"karaburma-stara-okretnica","status":"publish","type":"product","link":"https:\/\/mbitdesign.com\/nekretnine\/product\/karaburma-stara-okretnica\/","title":{"rendered":"Karaburma &#8211; Stara okretnica"},"content":{"rendered":"<p>Sastoji se od predsoblja, kupatila, kuhinje sa trpezarijom i manjom lo\u0111om, dve prostrane sobe i zastakljene terase.<br \/>\nStanu pripada ostava od 6m2 u podrumskim prostorijama zgrade.<\/p>\n<p>Izuzetno svetao, dvostrano orijentisan, veoma funkcionalan stan i prilagodljiv da se pri renoviranju uz male izmene napravi po \u017eelji novog vlasnika. U odr\u017eavanoj zgradi sa ura\u0111enom izolacijom i novom fasadom. Uknji\u017een je na 50m2 koliko iznosi grejna povr\u0161ina a sa terasom i lo\u0111om ima 57m2. <\/p>\n<p>U mirnom delu Karaburme punom zelenila, iznad stare okretnice, u zgradi iz 1963. okru\u017eenoj parkom sa mobiliarom za decu. Vrti\u0107i, tri osnovne \u0161kole, pijaca, marketi, dva \u0161oping centra, dom zdravlja sve na pe\u0161a\u010dkoj udaljenosti.<\/p>\n<p>Uknji\u017een na 50m2.<\/p>\n<p>Agencijska provizija 2%.<\/p>\n<p>Agent: \u017dikica 063 280 298<\/p>\n","protected":false},"excerpt":{"rendered":"<p>Karaburma &#8211; Stara okretnica<\/p>\n<p>2.0, 50m2 (terasa i lo\u0111a), 3\/5, EG\/kaljeva pe\u0107, lift, interfon, podrum<\/p>\n","protected":false},"featured_media":2224,"comment_status":"open","ping_status":"closed","template":"","meta":{"site-sidebar-layout":"default","site-content-layout":"default","ast-site-content-layout":"","site-content-style":"default","site-sidebar-style":"default","ast-global-header-display":"","ast-banner-title-visibility":"","ast-main-header-display":"","ast-hfb-above-header-display":"","ast-hfb-below-header-display":"","ast-hfb-mobile-header-display":"","site-post-title":"","ast-breadcrumbs-content":"","ast-featured-img":"","footer-sml-layout":"","theme-transparent-header-meta":"default","adv-header-id-meta":"","stick-header-meta":"default","header-above-stick-meta":"","header-main-stick-meta":"","header-below-stick-meta":"","astra-migrate-meta-layouts":"","ast-page-background-enabled":"default","ast-page-background-meta":{"desktop":{"background-color":"var(--ast-global-color-4)","background-image":"","background-repeat":"repeat","background-position":"center center","background-size":"auto","background-attachment":"scroll","background-type":"","background-media":"","overlay-type":"","overlay-color":"","overlay-gradient":""},"tablet":{"background-color":"","background-image":"","background-repeat":"repeat","background-position":"center center","background-size":"auto","background-attachment":"scroll","background-type":"","background-media":"","overlay-type":"","overlay-color":"","overlay-gradient":""},"mobile":{"background-color":"","background-image":"","background-repeat":"repeat","background-position":"center center","background-size":"auto","background-attachment":"scroll","background-type":"","background-media":"","overlay-type":"","overlay-color":"","overlay-gradient":""}},"ast-content-background-meta":{"desktop":{"background-color":"var(--ast-global-color-5)","background-image":"","background-repeat":"repeat","background-position":"center center","background-size":"auto","background-attachment":"scroll","background-type":"","background-media":"","overlay-type":"","overlay-color":"","overlay-gradient":""},"tablet":{"background-color":"var(--ast-global-color-5)","background-image":"","background-repeat":"repeat","background-position":"center center","background-size":"auto","background-attachment":"scroll","background-type":"","background-media":"","overlay-type":"","overlay-color":"","overlay-gradient":""},"mobile":{"background-color":"var(--ast-global-color-5)","background-image":"","background-repeat":"repeat","background-position":"center center","background-size":"auto","background-attachment":"scroll","background-type":"","background-media":"","overlay-type":"","overlay-color":"","overlay-gradient":""}}},"product_brand":[],"product_cat":[41,42],"product_tag":[],"class_list":{"0":"post-2210","1":"product","2":"type-product","3":"status-publish","4":"has-post-thumbnail","6":"product_cat-prodaja","7":"product_cat-stanovi","8":"pa_grad-prodaja-beograd","9":"pa_kvadratura-prodaja-50-60","10":"pa_lokacija-prodaja-karaburma","11":"pa_opstina-prodaja-palilula","12":"pa_sprat-prodaja-27","13":"pa_spratnost-97","14":"pa_tip-nekretnine-prodaja-stan","15":"pa_uknjizenost-da","16":"desktop-align-left","17":"tablet-align-left","18":"mobile-align-left","20":"first","21":"instock","22":"shipping-taxable","23":"purchasable","24":"product-type-simple"},"_links":{"self":[{"href":"https:\/\/mbitdesign.com\/nekretnine\/wp-json\/wp\/v2\/product\/2210","targetHints":{"allow":["GET"]}}],"collection":[{"href":"https:\/\/mbitdesign.com\/nekretnine\/wp-json\/wp\/v2\/product"}],"about":[{"href":"https:\/\/mbitdesign.com\/nekretnine\/wp-json\/wp\/v2\/types\/product"}],"replies":[{"embeddable":true,"href":"https:\/\/mbitdesign.com\/nekretnine\/wp-json\/wp\/v2\/comments?post=2210"}],"wp:featuredmedia":[{"embeddable":true,"href":"https:\/\/mbitdesign.com\/nekretnine\/wp-json\/wp\/v2\/media\/2224"}],"wp:attachment":[{"href":"https:\/\/mbitdesign.com\/nekretnine\/wp-json\/wp\/v2\/media?parent=2210"}],"wp:term":[{"taxonomy":"product_brand","embeddable":true,"href":"https:\/\/mbitdesign.com\/nekretnine\/wp-json\/wp\/v2\/product_brand?post=2210"},{"taxonomy":"product_cat","embeddable":true,"href":"https:\/\/mbitdesign.com\/nekretnine\/wp-json\/wp\/v2\/product_cat?post=2210"},{"taxonomy":"product_tag","embeddable":true,"href":"https:\/\/mbitdesign.com\/nekretnine\/wp-json\/wp\/v2\/product_tag?post=2210"}],"curies":[{"name":"wp","href":"https:\/\/api.w.org\/{rel}","templated":true}]}}