{"id":1919,"date":"2022-11-18T13:31:13","date_gmt":"2022-11-18T12:31:13","guid":{"rendered":"https:\/\/mbitdesign.com\/nekretnine\/?post_type=product&#038;p=1919"},"modified":"2022-11-18T13:48:19","modified_gmt":"2022-11-18T12:48:19","slug":"barajevo-lipovica-beogradska","status":"publish","type":"product","link":"https:\/\/mbitdesign.com\/nekretnine\/product\/barajevo-lipovica-beogradska\/","title":{"rendered":"Barajevo, Lipovica &#8211; Beogradska"},"content":{"rendered":"<p>Barajevo, Lipovica &#8211; Beogradska<\/p>\n<p>ku\u0107a, 156m2 (terase 25m2+gara\u017ea 48m2), PR+I+PTK, EG\/\u010dvrsto gorivo, podrum, gara\u017ea, struja, voda, plac 12a<\/p>\n<p>Prvi nivo: kuhinja sa trpezarijom, dnevni boravak, zastakljena terasa, gostinski toalet, ostava.<br \/>\nDrugi nivo: 2 spava\u0107e sobe (svaka ima svoju terasu) i kupatilo. Sa gornjeg nivoa se ide na tavanski prostor.<\/p>\n<p>Do ove oaze mira i kiseonika, na nadmorskoj visini od 370m, dolazi se za 20 min od Vukovog spomenika Beovozom, stanica je 500m od ku\u0107e, a ako se odlu\u010dite za gradski autobus, linija 534 vam staje na 50m od kapije. U neposrednoj blizini nalazi se i jezero. <\/p>\n<p>Nalazi se na placu 12a, okru\u017eena svojim \u0161umarkom sa 20 kedrova, borovima sa jedne strane i vo\u0107njakom sa druge. Uz ku\u0107u dobijate i bazen od armiranog betona 8m X 4m i 3m dubine, gde staje 9 vagona vode. <\/p>\n<p>Ku\u0107a je opremljena alarmom i video nadzorom. Grejanje je na \u010dvrsto gorivo, preko radijatora, a kotao se nalazi u gara\u017ei. Gas prolazi putem ispred ku\u0107e, tako da imate mogu\u0107nost priklju\u010denja. Ku\u0107a zahteva izvesna ulaganja koja su zanemarljiva \u010dinjenicom kakvo prirodno bogatstvo \u0107ete posedovati.<\/p>\n<p>Za svaku preporuku.<\/p>\n<p>Uknji\u017eena na 83m2.<\/p>\n<p>Agencijska provizija 2%.<\/p>\n<p>Agent: Zoi  060 33 37 558<\/p>\n","protected":false},"excerpt":{"rendered":"<p>Barajevo, Lipovica &#8211; Beogradska<\/p>\n<p>ku\u0107a, 156m2 (terase 25m2+gara\u017ea 48m2), PR+I+PTK, EG\/\u010dvrsto gorivo, podrum, gara\u017ea, struja, voda, plac 12a<\/p>\n","protected":false},"featured_media":1920,"comment_status":"open","ping_status":"closed","template":"","meta":{"site-sidebar-layout":"default","site-content-layout":"default","ast-site-content-layout":"","site-content-style":"default","site-sidebar-style":"default","ast-global-header-display":"","ast-banner-title-visibility":"","ast-main-header-display":"","ast-hfb-above-header-display":"","ast-hfb-below-header-display":"","ast-hfb-mobile-header-display":"","site-post-title":"","ast-breadcrumbs-content":"","ast-featured-img":"","footer-sml-layout":"","theme-transparent-header-meta":"default","adv-header-id-meta":"","stick-header-meta":"default","header-above-stick-meta":"","header-main-stick-meta":"","header-below-stick-meta":"","astra-migrate-meta-layouts":"","ast-page-background-enabled":"default","ast-page-background-meta":{"desktop":{"background-color":"var(--ast-global-color-4)","background-image":"","background-repeat":"repeat","background-position":"center center","background-size":"auto","background-attachment":"scroll","background-type":"","background-media":"","overlay-type":"","overlay-color":"","overlay-gradient":""},"tablet":{"background-color":"","background-image":"","background-repeat":"repeat","background-position":"center center","background-size":"auto","background-attachment":"scroll","background-type":"","background-media":"","overlay-type":"","overlay-color":"","overlay-gradient":""},"mobile":{"background-color":"","background-image":"","background-repeat":"repeat","background-position":"center center","background-size":"auto","background-attachment":"scroll","background-type":"","background-media":"","overlay-type":"","overlay-color":"","overlay-gradient":""}},"ast-content-background-meta":{"desktop":{"background-color":"var(--ast-global-color-5)","background-image":"","background-repeat":"repeat","background-position":"center center","background-size":"auto","background-attachment":"scroll","background-type":"","background-media":"","overlay-type":"","overlay-color":"","overlay-gradient":""},"tablet":{"background-color":"var(--ast-global-color-5)","background-image":"","background-repeat":"repeat","background-position":"center center","background-size":"auto","background-attachment":"scroll","background-type":"","background-media":"","overlay-type":"","overlay-color":"","overlay-gradient":""},"mobile":{"background-color":"var(--ast-global-color-5)","background-image":"","background-repeat":"repeat","background-position":"center center","background-size":"auto","background-attachment":"scroll","background-type":"","background-media":"","overlay-type":"","overlay-color":"","overlay-gradient":""}}},"product_brand":[],"product_cat":[44,41],"product_tag":[],"class_list":{"0":"post-1919","1":"product","2":"type-product","3":"status-publish","4":"has-post-thumbnail","6":"product_cat-kuce-prodaja","7":"product_cat-prodaja","8":"pa_broj-soba-prodaja-5-3","9":"pa_grad-prodaja-beograd","10":"pa_kvadratura-prodaja-150-200m2","11":"pa_lokacija-prodaja-lipovica","12":"pa_opstina-prodaja-barajevo","13":"pa_sprat-prodaja-pr","14":"pa_spratnost-93","15":"pa_tip-nekretnine-prodaja-kuca","16":"pa_uknjizenost-da","17":"pa_ulica-prodaja-beogradska","18":"desktop-align-left","19":"tablet-align-left","20":"mobile-align-left","22":"first","23":"instock","24":"shipping-taxable","25":"purchasable","26":"product-type-simple"},"_links":{"self":[{"href":"https:\/\/mbitdesign.com\/nekretnine\/wp-json\/wp\/v2\/product\/1919","targetHints":{"allow":["GET"]}}],"collection":[{"href":"https:\/\/mbitdesign.com\/nekretnine\/wp-json\/wp\/v2\/product"}],"about":[{"href":"https:\/\/mbitdesign.com\/nekretnine\/wp-json\/wp\/v2\/types\/product"}],"replies":[{"embeddable":true,"href":"https:\/\/mbitdesign.com\/nekretnine\/wp-json\/wp\/v2\/comments?post=1919"}],"wp:featuredmedia":[{"embeddable":true,"href":"https:\/\/mbitdesign.com\/nekretnine\/wp-json\/wp\/v2\/media\/1920"}],"wp:attachment":[{"href":"https:\/\/mbitdesign.com\/nekretnine\/wp-json\/wp\/v2\/media?parent=1919"}],"wp:term":[{"taxonomy":"product_brand","embeddable":true,"href":"https:\/\/mbitdesign.com\/nekretnine\/wp-json\/wp\/v2\/product_brand?post=1919"},{"taxonomy":"product_cat","embeddable":true,"href":"https:\/\/mbitdesign.com\/nekretnine\/wp-json\/wp\/v2\/product_cat?post=1919"},{"taxonomy":"product_tag","embeddable":true,"href":"https:\/\/mbitdesign.com\/nekretnine\/wp-json\/wp\/v2\/product_tag?post=1919"}],"curies":[{"name":"wp","href":"https:\/\/api.w.org\/{rel}","templated":true}]}}