{"id":1123,"date":"2022-11-07T19:18:31","date_gmt":"2022-11-07T18:18:31","guid":{"rendered":"https:\/\/mbitdesign.com\/nekretnine\/?post_type=product&#038;p=1123"},"modified":"2022-11-07T22:02:04","modified_gmt":"2022-11-07T21:02:04","slug":"zvezdara-gradska-bolnica-bana-ivanisa","status":"publish","type":"product","link":"https:\/\/mbitdesign.com\/nekretnine\/product\/zvezdara-gradska-bolnica-bana-ivanisa\/","title":{"rendered":"Zvezdara, Gradska bolnica-Bana Ivani\u0161a 330m2"},"content":{"rendered":"<p>Prodaje se komforna i funkcionalna ku\u0107a pogodna za razne namene (privatna klinika itd.). Nalazi se u blizini Gradske bolnice u mirnoj ulici punoj zelenila tik uz Zvezdarsku \u0161umu, \u0161to ovaj objekat \u010dini jo\u0161 posebnijim, jer je oko vas oaza mira. <\/p>\n<p>U prizemlju objekta je poslovni prostor sa dva mokra \u010dvora pogodan za razne namene, sada funkcioni\u0161e kao frizersko &#8211; kozmeti\u010dki salon. U prizemlju je tako\u0111e prostorija sa kotlom za grejanje (EG, na struju, pelet, koks), prostorija za skladi\u0161tenje ogrevnih sirovina, a nalazi se i radionica. <\/p>\n<p>Prvi nivo: velika dnevna soba, trpezarija, kuhinja, ostava, dve spava\u0107e sobe, kupatilo, hodnik i dve terase. Drugi nivo: zaseban apartman koji ima poseban ulaz i mo\u017ee se izdavati. Drugi deo drugog nivoa \u010dine: veliki dnevni boravak, dve spava\u0107e sobe, kupatilo i terasa. U blizini je kompletna infrastruktura. <\/p>\n<p>Hvala na pregledu oglasa.<\/p>\n<p>Uknji\u017eena na 122m2.<\/p>\n<p>Agencijska provizija 2%.<\/p>\n<p>Agent: Ljiljana  064 12 34 330<\/p>\n","protected":false},"excerpt":{"rendered":"<p>Zvezdara, Gradska bolnica-Bana Ivani\u0161a<\/p>\n<p>ku\u0107a, 5.0, 330m2 (tri terase), PR+I+PTK, EG, telefon, interfon, podrum, pet parking mesta, plac 2ara<\/p>\n","protected":false},"featured_media":1124,"comment_status":"open","ping_status":"closed","template":"","meta":{"site-sidebar-layout":"default","site-content-layout":"default","ast-site-content-layout":"","site-content-style":"default","site-sidebar-style":"default","ast-global-header-display":"","ast-banner-title-visibility":"","ast-main-header-display":"","ast-hfb-above-header-display":"","ast-hfb-below-header-display":"","ast-hfb-mobile-header-display":"","site-post-title":"","ast-breadcrumbs-content":"","ast-featured-img":"","footer-sml-layout":"","theme-transparent-header-meta":"default","adv-header-id-meta":"","stick-header-meta":"default","header-above-stick-meta":"","header-main-stick-meta":"","header-below-stick-meta":"","astra-migrate-meta-layouts":"","ast-page-background-enabled":"default","ast-page-background-meta":{"desktop":{"background-color":"var(--ast-global-color-4)","background-image":"","background-repeat":"repeat","background-position":"center center","background-size":"auto","background-attachment":"scroll","background-type":"","background-media":"","overlay-type":"","overlay-color":"","overlay-gradient":""},"tablet":{"background-color":"","background-image":"","background-repeat":"repeat","background-position":"center center","background-size":"auto","background-attachment":"scroll","background-type":"","background-media":"","overlay-type":"","overlay-color":"","overlay-gradient":""},"mobile":{"background-color":"","background-image":"","background-repeat":"repeat","background-position":"center center","background-size":"auto","background-attachment":"scroll","background-type":"","background-media":"","overlay-type":"","overlay-color":"","overlay-gradient":""}},"ast-content-background-meta":{"desktop":{"background-color":"var(--ast-global-color-5)","background-image":"","background-repeat":"repeat","background-position":"center center","background-size":"auto","background-attachment":"scroll","background-type":"","background-media":"","overlay-type":"","overlay-color":"","overlay-gradient":""},"tablet":{"background-color":"var(--ast-global-color-5)","background-image":"","background-repeat":"repeat","background-position":"center center","background-size":"auto","background-attachment":"scroll","background-type":"","background-media":"","overlay-type":"","overlay-color":"","overlay-gradient":""},"mobile":{"background-color":"var(--ast-global-color-5)","background-image":"","background-repeat":"repeat","background-position":"center center","background-size":"auto","background-attachment":"scroll","background-type":"","background-media":"","overlay-type":"","overlay-color":"","overlay-gradient":""}}},"product_brand":[],"product_cat":[44,41],"product_tag":[],"class_list":{"0":"post-1123","1":"product","2":"type-product","3":"status-publish","4":"has-post-thumbnail","6":"product_cat-kuce-prodaja","7":"product_cat-prodaja","8":"pa_broj-soba-prodaja-5-3","9":"pa_grad-prodaja-beograd","10":"pa_kvadratura-prodaja-300-400m2","11":"pa_lokacija-prodaja-gradska-bolnica","12":"pa_opstina-prodaja-zvezdara","13":"pa_sprat-prodaja-pr","14":"pa_tip-nekretnine-prodaja-kuca","15":"pa_uknjizenost-da","16":"pa_ulica-prodaja-bana-ivanisa","17":"desktop-align-left","18":"tablet-align-left","19":"mobile-align-left","21":"first","22":"instock","23":"shipping-taxable","24":"purchasable","25":"product-type-simple"},"_links":{"self":[{"href":"https:\/\/mbitdesign.com\/nekretnine\/wp-json\/wp\/v2\/product\/1123","targetHints":{"allow":["GET"]}}],"collection":[{"href":"https:\/\/mbitdesign.com\/nekretnine\/wp-json\/wp\/v2\/product"}],"about":[{"href":"https:\/\/mbitdesign.com\/nekretnine\/wp-json\/wp\/v2\/types\/product"}],"replies":[{"embeddable":true,"href":"https:\/\/mbitdesign.com\/nekretnine\/wp-json\/wp\/v2\/comments?post=1123"}],"wp:featuredmedia":[{"embeddable":true,"href":"https:\/\/mbitdesign.com\/nekretnine\/wp-json\/wp\/v2\/media\/1124"}],"wp:attachment":[{"href":"https:\/\/mbitdesign.com\/nekretnine\/wp-json\/wp\/v2\/media?parent=1123"}],"wp:term":[{"taxonomy":"product_brand","embeddable":true,"href":"https:\/\/mbitdesign.com\/nekretnine\/wp-json\/wp\/v2\/product_brand?post=1123"},{"taxonomy":"product_cat","embeddable":true,"href":"https:\/\/mbitdesign.com\/nekretnine\/wp-json\/wp\/v2\/product_cat?post=1123"},{"taxonomy":"product_tag","embeddable":true,"href":"https:\/\/mbitdesign.com\/nekretnine\/wp-json\/wp\/v2\/product_tag?post=1123"}],"curies":[{"name":"wp","href":"https:\/\/api.w.org\/{rel}","templated":true}]}}