{"id":1094,"date":"2022-11-02T12:20:17","date_gmt":"2022-11-02T11:20:17","guid":{"rendered":"https:\/\/mbitdesign.com\/nekretnine\/?post_type=product&#038;p=1094"},"modified":"2022-11-29T13:22:16","modified_gmt":"2022-11-29T12:22:16","slug":"loznica-banja-koviljaca-102m2","status":"publish","type":"product","link":"https:\/\/mbitdesign.com\/nekretnine\/product\/loznica-banja-koviljaca-102m2\/","title":{"rendered":"Loznica &#8211; Banja Kovilja\u010da, 102m2"},"content":{"rendered":"<p>Izuzetan, funkcionalan stambeni objekat &#8211; vikendica novije gradnje, na odli\u010dnoj lokaciji u blizini Banje Kovilja\u010de i Loznice. <\/p>\n<p>Prostorije: dnevna soba, kuhinja i trpezarija, dve spava\u0107e sobe, kupatilo, toalet, dve terase.<\/p>\n<p>Objekat se nalazi na placu povr\u0161ine 1 ha, sa \u0161umom, prirodnim izvorom vode, ribnjakom, plastenikom od 2 ara za gajenje povr\u0107a i ekonomskih objektima za doma\u0107e \u017eivotinje. Neposredno uz vikendicu je porodi\u010dni bazen sa opremom za pre\u010di\u0161\u0107avanje i hlorisanje vode, dimenzija 6x4m koji se nalazi u senci vi\u0161edecenijskih hrastova. <\/p>\n<p>Objekat ima gradsku vodu, trofaznu struju, kablovsku TV i internet. Re\u017eijski tro\u0161kovi su izuzetno niski, a elektri\u010dna energija je po potro\u0161nji. U neposrednoj blizini je magistralni put Loznica-Zvornik, reka Drina, planina Gu\u010devo, Banja Kovilja\u010da itd.<\/p>\n<p>Za svaku preporuku.<\/p>\n<p>Uknji\u017eena.<\/p>\n<p>Agencijska provizija 2%.<\/p>\n<p>Agent: Dragutin  065 96 22 000<\/p>\n","protected":false},"excerpt":{"rendered":"<p>Loznica &#8211; Banja Kovilja\u010da<\/p>\n<p>ku\u0107a, 3.0, 102m2 (dve terase + dvori\u0161te sa ba\u0161tom), NP+VPR+I, EG, telefon, KATV, internet, podrum, parking, gara\u017ea, plac 100ari<\/p>\n","protected":false},"featured_media":1108,"comment_status":"open","ping_status":"closed","template":"","meta":{"site-sidebar-layout":"default","site-content-layout":"default","ast-site-content-layout":"","site-content-style":"default","site-sidebar-style":"default","ast-global-header-display":"","ast-banner-title-visibility":"","ast-main-header-display":"","ast-hfb-above-header-display":"","ast-hfb-below-header-display":"","ast-hfb-mobile-header-display":"","site-post-title":"","ast-breadcrumbs-content":"","ast-featured-img":"","footer-sml-layout":"","theme-transparent-header-meta":"default","adv-header-id-meta":"","stick-header-meta":"default","header-above-stick-meta":"","header-main-stick-meta":"","header-below-stick-meta":"","astra-migrate-meta-layouts":"","ast-page-background-enabled":"default","ast-page-background-meta":{"desktop":{"background-color":"var(--ast-global-color-4)","background-image":"","background-repeat":"repeat","background-position":"center center","background-size":"auto","background-attachment":"scroll","background-type":"","background-media":"","overlay-type":"","overlay-color":"","overlay-gradient":""},"tablet":{"background-color":"","background-image":"","background-repeat":"repeat","background-position":"center center","background-size":"auto","background-attachment":"scroll","background-type":"","background-media":"","overlay-type":"","overlay-color":"","overlay-gradient":""},"mobile":{"background-color":"","background-image":"","background-repeat":"repeat","background-position":"center center","background-size":"auto","background-attachment":"scroll","background-type":"","background-media":"","overlay-type":"","overlay-color":"","overlay-gradient":""}},"ast-content-background-meta":{"desktop":{"background-color":"var(--ast-global-color-5)","background-image":"","background-repeat":"repeat","background-position":"center center","background-size":"auto","background-attachment":"scroll","background-type":"","background-media":"","overlay-type":"","overlay-color":"","overlay-gradient":""},"tablet":{"background-color":"var(--ast-global-color-5)","background-image":"","background-repeat":"repeat","background-position":"center center","background-size":"auto","background-attachment":"scroll","background-type":"","background-media":"","overlay-type":"","overlay-color":"","overlay-gradient":""},"mobile":{"background-color":"var(--ast-global-color-5)","background-image":"","background-repeat":"repeat","background-position":"center center","background-size":"auto","background-attachment":"scroll","background-type":"","background-media":"","overlay-type":"","overlay-color":"","overlay-gradient":""}}},"product_brand":[],"product_cat":[44,41,240],"product_tag":[],"class_list":{"0":"post-1094","1":"product","2":"type-product","3":"status-publish","4":"has-post-thumbnail","6":"product_cat-kuce-prodaja","7":"product_cat-prodaja","8":"product_cat-slajder","9":"pa_broj-soba-prodaja-29","10":"pa_grad-prodaja-loznica-banja-koviljaca","11":"pa_kvadratura-prodaja-100-120m2","12":"pa_lokacija-prodaja-banja-koviljaca","13":"pa_opstina-prodaja-loznica","14":"pa_sprat-prodaja-pr","15":"pa_tip-nekretnine-prodaja-kuca","16":"pa_uknjizenost-da","17":"desktop-align-left","18":"tablet-align-left","19":"mobile-align-left","21":"first","22":"instock","23":"shipping-taxable","24":"purchasable","25":"product-type-simple"},"_links":{"self":[{"href":"https:\/\/mbitdesign.com\/nekretnine\/wp-json\/wp\/v2\/product\/1094","targetHints":{"allow":["GET"]}}],"collection":[{"href":"https:\/\/mbitdesign.com\/nekretnine\/wp-json\/wp\/v2\/product"}],"about":[{"href":"https:\/\/mbitdesign.com\/nekretnine\/wp-json\/wp\/v2\/types\/product"}],"replies":[{"embeddable":true,"href":"https:\/\/mbitdesign.com\/nekretnine\/wp-json\/wp\/v2\/comments?post=1094"}],"wp:featuredmedia":[{"embeddable":true,"href":"https:\/\/mbitdesign.com\/nekretnine\/wp-json\/wp\/v2\/media\/1108"}],"wp:attachment":[{"href":"https:\/\/mbitdesign.com\/nekretnine\/wp-json\/wp\/v2\/media?parent=1094"}],"wp:term":[{"taxonomy":"product_brand","embeddable":true,"href":"https:\/\/mbitdesign.com\/nekretnine\/wp-json\/wp\/v2\/product_brand?post=1094"},{"taxonomy":"product_cat","embeddable":true,"href":"https:\/\/mbitdesign.com\/nekretnine\/wp-json\/wp\/v2\/product_cat?post=1094"},{"taxonomy":"product_tag","embeddable":true,"href":"https:\/\/mbitdesign.com\/nekretnine\/wp-json\/wp\/v2\/product_tag?post=1094"}],"curies":[{"name":"wp","href":"https:\/\/api.w.org\/{rel}","templated":true}]}}